{"id":11252,"date":"2021-09-16T13:44:36","date_gmt":"2021-11-22T11:16:45","guid":{"rendered":"https:\/\/simoreno.se\/product\/arena-rosa-matt-vatska-foundation\/"},"modified":"2022-12-24T13:07:23","modified_gmt":"2022-12-24T12:07:23","slug":"arena-rosa-matte-liquid-foundation","status":"publish","type":"product","link":"https:\/\/simoreno.se\/sv\/product\/arena-rosa-matte-liquid-foundation\/","title":{"rendered":"ARENA ROSA-Matte LIQUID Foundation"},"content":{"rendered":"<div class=\"field field-name-body field-type-text-with-summary field-label-above\">\n<div class=\"field-label\">\n<div class=\"field field-name-body field-type-text-with-summary field-label-above\">\n<div class=\"field-items\">\n<div class=\"field-item even\">\n<ul>\n<li>Viktl\u00f6s flytande foundation f\u00f6rvandlas omedelbart fr\u00e5n en sammetsv\u00e4tska till en perfekt matt finish.<\/li>\n<li>J\u00e4mnar ut hudtonen och d\u00f6ljer de flesta brister.<\/li>\n<li>Glider smidigt utan att l\u00e4mna n\u00e5gra r\u00e4nder eller klumpar.<\/li>\n<li>Ger UVA\/UVB-skydd med naturligt solskydd<\/li>\n<li>Kan anv\u00e4ndas p\u00e5 alla hudtyper<\/li>\n<li>Nyanser kan blandas f\u00f6r att skapa en anpassad blandning om det beh\u00f6vs.<\/li>\n<li>F\u00f6rb\u00e4ttrad PARABENFRI formulering<\/li>\n<\/ul>\n<\/div>\n<\/div>\n<\/div>\n<div class=\"field field-name-field-term-of-user field-type-text-long field-label-above\">\n<div class=\"field-label\"><strong>ANV\u00c4NDARVILLKOR:<\/strong><\/div>\n<div class=\"field-items\">\n<div class=\"field-item even\">\n<p>Applicera i ansiktet med en mjuk svamp s\u00e5 att den sm\u00e4lter vid h\u00e5rf\u00e4stet utan att klumpa sig. L\u00e5t det torkas innan du applicerar annan makeup. Kan appliceras med fingertopparna, en torr eller fuktig svamp, eller en speciell syntetisk h\u00e5rborste som skapar en sl\u00e4t, glansfri canvas.<\/p>\n<\/div>\n<\/div>\n<\/div>\n<\/div>\n<div class=\"field-items\">\n<div class=\"field-item even\">\n<div class=\"field-label\"><strong>INGREDIENTS:<\/strong><\/div>\n<div class=\"field-items\">\n<div class=\"field-item even\">\n<p>Water, Sesamum Indicum (Sesame) Seed Oil, Sorbitol, Persea Gratissima (Avocado) Fruit Extract, Aloe Barbadensis Leaf Extract, Simmondsia Chinensis (Jojoba) Seed Oil, Glycerin, Cetearyl Alcohol, Butyrospermum Parkii (Shea Butter), Lecithin, Silica, Xanthan Gum, Phenoxyethanol, Kaolin, Potassium Sorbate.<\/p>\n<\/div>\n<\/div>\n<\/div>\n<\/div>\n<\/div>\n","protected":false},"excerpt":{"rendered":"<div class=\"field-label\"><strong>Storlek: 30 gr.<\/strong><\/div>\n","protected":false},"featured_media":10808,"comment_status":"closed","ping_status":"closed","template":"","meta":[],"product_cat":[481],"product_tag":[],"class_list":["post-11252","product","type-product","status-publish","has-post-thumbnail","hentry","product_cat-perfect-matte-liquid-foundation-sv"],"acf":[],"_links":{"self":[{"href":"https:\/\/simoreno.se\/sv\/wp-json\/wp\/v2\/product\/11252","targetHints":{"allow":["GET"]}}],"collection":[{"href":"https:\/\/simoreno.se\/sv\/wp-json\/wp\/v2\/product"}],"about":[{"href":"https:\/\/simoreno.se\/sv\/wp-json\/wp\/v2\/types\/product"}],"replies":[{"embeddable":true,"href":"https:\/\/simoreno.se\/sv\/wp-json\/wp\/v2\/comments?post=11252"}],"version-history":[{"count":0,"href":"https:\/\/simoreno.se\/sv\/wp-json\/wp\/v2\/product\/11252\/revisions"}],"wp:featuredmedia":[{"embeddable":true,"href":"https:\/\/simoreno.se\/sv\/wp-json\/wp\/v2\/media\/10808"}],"wp:attachment":[{"href":"https:\/\/simoreno.se\/sv\/wp-json\/wp\/v2\/media?parent=11252"}],"wp:term":[{"taxonomy":"product_cat","embeddable":true,"href":"https:\/\/simoreno.se\/sv\/wp-json\/wp\/v2\/product_cat?post=11252"},{"taxonomy":"product_tag","embeddable":true,"href":"https:\/\/simoreno.se\/sv\/wp-json\/wp\/v2\/product_tag?post=11252"}],"curies":[{"name":"wp","href":"https:\/\/api.w.org\/{rel}","templated":true}]}}