{"id":11265,"date":"2021-09-17T02:51:09","date_gmt":"2021-11-22T11:16:52","guid":{"rendered":"https:\/\/simoreno.se\/product\/piedra-total-cover-concealer\/"},"modified":"2022-04-30T17:17:49","modified_gmt":"2022-04-30T15:17:49","slug":"piedra-total-cover-concealer","status":"publish","type":"product","link":"https:\/\/simoreno.se\/sv\/product\/piedra-total-cover-concealer\/","title":{"rendered":"PIEDRA-TOTAL COVER CONCEALER"},"content":{"rendered":"<div class=\"field field-name-body field-type-text-with-summary field-label-above\">\n<div class=\"field-label\">\n<div class=\"field field-name-body field-type-text-with-summary field-label-above\">\n<div class=\"field-items\">\n<div class=\"field-item even\">\n<ul>\n<li>Formel med h\u00f6g specifikation<\/li>\n<li>Vattent\u00e5lig formel \u00e4r utm\u00e4rkt f\u00f6r brudar<\/li>\n<li>L\u00e5ngvarig kr\u00e4mig konsistens<\/li>\n<li>T\u00e4cker och d\u00f6ljer hudfel<\/li>\n<li>Kan anv\u00e4ndas p\u00e5 alla hudtyper<\/li>\n<li>Icke-komedogen (t\u00e4pper inte till porerna)<\/li>\n<li>sm\u00e4lter utan anstr\u00e4ngning<\/li>\n<\/ul>\n<\/div>\n<\/div>\n<\/div>\n<div class=\"field field-name-field-term-of-user field-type-text-long field-label-above\">\n<div class=\"field-label\"><strong>ANV\u00c4NDARVILLKOR:<\/strong><\/div>\n<div class=\"field-items\">\n<div class=\"field-item even\">\n<p>Applicera en tunn, j\u00e4mn film med en concealerborste eller fingertoppar.<\/p>\n<\/div>\n<\/div>\n<\/div>\n<\/div>\n<div class=\"field-items\">\n<div class=\"field-item even\">\n<div class=\"field-label\">\n<div class=\"field-label\"><strong>INGREDIENTS:<\/strong><\/div>\n<div class=\"field-items\">\n<div class=\"field-item even\">\n<p>Mineral Oil, Caprylic\/Capric Triglyceride, Propylene Glycol Laurate, Lanolin, Ozokerite, Copernicia Cerifera (Carnauba) Wax, Propyl paraben.<\/p>\n<\/div>\n<\/div>\n<\/div>\n<\/div>\n<\/div>\n<\/div>\n","protected":false},"excerpt":{"rendered":"<div class=\"field-label\"><strong>STORLEK: 7 gr.<\/strong><\/div>\n","protected":false},"featured_media":10840,"comment_status":"closed","ping_status":"closed","template":"","meta":[],"product_cat":[484],"product_tag":[],"class_list":["post-11265","product","type-product","status-publish","has-post-thumbnail","hentry","product_cat-total-cover-up-concealer"],"acf":[],"_links":{"self":[{"href":"https:\/\/simoreno.se\/sv\/wp-json\/wp\/v2\/product\/11265","targetHints":{"allow":["GET"]}}],"collection":[{"href":"https:\/\/simoreno.se\/sv\/wp-json\/wp\/v2\/product"}],"about":[{"href":"https:\/\/simoreno.se\/sv\/wp-json\/wp\/v2\/types\/product"}],"replies":[{"embeddable":true,"href":"https:\/\/simoreno.se\/sv\/wp-json\/wp\/v2\/comments?post=11265"}],"version-history":[{"count":0,"href":"https:\/\/simoreno.se\/sv\/wp-json\/wp\/v2\/product\/11265\/revisions"}],"wp:featuredmedia":[{"embeddable":true,"href":"https:\/\/simoreno.se\/sv\/wp-json\/wp\/v2\/media\/10840"}],"wp:attachment":[{"href":"https:\/\/simoreno.se\/sv\/wp-json\/wp\/v2\/media?parent=11265"}],"wp:term":[{"taxonomy":"product_cat","embeddable":true,"href":"https:\/\/simoreno.se\/sv\/wp-json\/wp\/v2\/product_cat?post=11265"},{"taxonomy":"product_tag","embeddable":true,"href":"https:\/\/simoreno.se\/sv\/wp-json\/wp\/v2\/product_tag?post=11265"}],"curies":[{"name":"wp","href":"https:\/\/api.w.org\/{rel}","templated":true}]}}