{"id":11277,"date":"2021-09-16T13:33:43","date_gmt":"2021-11-22T11:17:00","guid":{"rendered":"https:\/\/simoreno.se\/product\/giallo-cc-primer\/"},"modified":"2022-01-30T17:57:20","modified_gmt":"2022-01-30T16:57:20","slug":"giallo-cc-primer","status":"publish","type":"product","link":"https:\/\/simoreno.se\/sv\/product\/giallo-cc-primer\/","title":{"rendered":"GIALLO-CC PRIMER"},"content":{"rendered":"<div class=\"field field-name-body field-type-text-with-summary field-label-above\">\n<div class=\"field-label\">\n<div class=\"field field-name-body field-type-text-with-summary field-label-above\">\n<div class=\"field-items\">\n<div class=\"field-item even\">\n<ul>\n<li>S\u00ec Moreno CC Cream \u00e4r en flytande matt finish med en korrigerande skugga f\u00f6r att balansera hudtoner.<\/li>\n<li>Den gula f\u00e4rgen (GIALLO-CC PRIMER) hj\u00e4lper till att d\u00f6lja de bl\u00e5- lila blodk\u00e4rlen som finns under hudens yta.<\/li>\n<li>Den gr\u00f6na f\u00e4rgen (VERDE-CC PRIMER) d\u00f6ljer rodnad och j\u00e4mnar ut hudtonen.<\/li>\n<li>Lavendel (VIOLA-CC PRIMER) d\u00f6ljer blekhet och gulhet och g\u00f6r huden betydligt ljusare och mer str\u00e5lande.<\/li>\n<li>Kan anv\u00e4ndas p\u00e5 alla hudtyper.<\/li>\n<\/ul>\n<\/div>\n<\/div>\n<\/div>\n<div class=\"field field-name-field-term-of-user field-type-text-long field-label-above\">\n<div class=\"field-label\"><strong>ANV\u00c4NDARVILLKOR:<\/strong><\/div>\n<div class=\"field-items\">\n<div class=\"field-item even\">\n<p>Applicera ett tunt lager \u00f6ver hela ansiktet med v\u00e5r foundationborste f\u00f6r en perfekt hudtonsbas.<\/p>\n<div>\n<div><strong>INGREDIENTS:<\/strong><\/div>\n<div class=\"field-item even\">Water, Sesamum Indicum (Sesame) Seed Oil, Sorbitol, Persea Gratissima (Avocado) Fruit Extract, Aloe Barbadensis Leaf Extract, Simmondsia Chinensis (Jojoba) Seed Oil, Glycerin, Cetearyl Alcohol, Butyrospermum Parkii (Shea Butter), Lecithin, Silica, Xanthan Gum, Phenoxyethanol, Kaolin, Potassium Sorbate.<\/div>\n<\/div>\n<\/div>\n<\/div>\n<\/div>\n<\/div>\n<\/div>\n","protected":false},"excerpt":{"rendered":"<div class=\"field-label\"><strong>Storlek: 30 gr.<\/strong><\/div>\n","protected":false},"featured_media":10805,"comment_status":"closed","ping_status":"closed","template":"","meta":[],"product_cat":[487],"product_tag":[],"class_list":["post-11277","product","type-product","status-publish","has-post-thumbnail","hentry","product_cat-cc-primer"],"acf":[],"_links":{"self":[{"href":"https:\/\/simoreno.se\/sv\/wp-json\/wp\/v2\/product\/11277","targetHints":{"allow":["GET"]}}],"collection":[{"href":"https:\/\/simoreno.se\/sv\/wp-json\/wp\/v2\/product"}],"about":[{"href":"https:\/\/simoreno.se\/sv\/wp-json\/wp\/v2\/types\/product"}],"replies":[{"embeddable":true,"href":"https:\/\/simoreno.se\/sv\/wp-json\/wp\/v2\/comments?post=11277"}],"version-history":[{"count":0,"href":"https:\/\/simoreno.se\/sv\/wp-json\/wp\/v2\/product\/11277\/revisions"}],"wp:featuredmedia":[{"embeddable":true,"href":"https:\/\/simoreno.se\/sv\/wp-json\/wp\/v2\/media\/10805"}],"wp:attachment":[{"href":"https:\/\/simoreno.se\/sv\/wp-json\/wp\/v2\/media?parent=11277"}],"wp:term":[{"taxonomy":"product_cat","embeddable":true,"href":"https:\/\/simoreno.se\/sv\/wp-json\/wp\/v2\/product_cat?post=11277"},{"taxonomy":"product_tag","embeddable":true,"href":"https:\/\/simoreno.se\/sv\/wp-json\/wp\/v2\/product_tag?post=11277"}],"curies":[{"name":"wp","href":"https:\/\/api.w.org\/{rel}","templated":true}]}}