{"id":11279,"date":"2021-09-16T13:15:23","date_gmt":"2021-11-22T11:17:02","guid":{"rendered":"https:\/\/simoreno.se\/product\/stralning-primer\/"},"modified":"2022-04-30T16:45:43","modified_gmt":"2022-04-30T14:45:43","slug":"radiance-primer","status":"publish","type":"product","link":"https:\/\/simoreno.se\/sv\/product\/radiance-primer\/","title":{"rendered":"RADIANCE PRIMER"},"content":{"rendered":"<div class=\"field field-name-body field-type-text-with-summary field-label-above\">\n<div class=\"field-label\">\n<div class=\"field field-name-body field-type-text-with-summary field-label-above\">\n<div class=\"field-items\">\n<div class=\"field-item even\">\n<ul>\n<li>Ger ett tillf\u00e4lligt nacke- och ansiktslyft.<\/li>\n<li>Formulerad med naturliga v\u00e4xtextrakt.<\/li>\n<li>Huden ser mer str\u00e5lande och lysande ut n\u00e4r den anv\u00e4nds dagligen.<\/li>\n<li>\u00d6kar hudens fasthet.<\/li>\n<li>Hj\u00e4lper till att minimera uppkomsten av stora porer.<\/li>\n<li>Lugnar epidermis<\/li>\n<li>Kvinnor i alla \u00e5ldrar kommer att njuta av dess fuktbevarande egenskaper.<\/li>\n<\/ul>\n<\/div>\n<\/div>\n<\/div>\n<div class=\"field field-name-field-term-of-user field-type-text-long field-label-above\">\n<div class=\"field-label\"><strong>ANV\u00c4NDARVILLKOR:<\/strong><\/div>\n<div class=\"field-items\">\n<div class=\"field-item even\">\n<p>J\u00e4mna ut \u00f6ver ansikte och hals med en svepande upp\u00e5tg\u00e5ende r\u00f6relse p\u00e5 kors och tv\u00e4rs. Under torkning kommer den att dra ihop sig, dra \u00e5t och lyfta ansikts- och halsomr\u00e5det p\u00e5 huden. B\u00e4r ensam p\u00e5 ren hud eller under smink. Ett tunt lager kan ocks\u00e5 appliceras f\u00f6rsiktigt \u00f6ver en f\u00e4rdig makeup f\u00f6r en j\u00e4mn elegansgl\u00f6d. Fortsatt anv\u00e4ndning, varje dag, kommer att ge dramatiska resultat.<\/p>\n<\/div>\n<\/div>\n<\/div>\n<\/div>\n<div class=\"field-items\">\n<div class=\"field-item even\">\n<div class=\"field-label\"><strong>INGREDIENSER:<\/strong><\/div>\n<div class=\"field-items\">\n<div class=\"field-item even\">\n<p>Water, Cetearyl Alcohol, Steareth-20, Butylene Glycol, Propyl Glycol, Extracts of Hops, Sage Leaf, Licorice, Lady\u2019s mantle, Clove Flower, Soybean &amp; Wheat Proteins, Corn Starch and Potato Starch, Nylon-6, Palmitoyl Hydrolyzed Wheat Protein, Polymethyl Methacrylate, Albumen, Disodium EDTA, Carbomer, Polysorbate-20, Triethanolamine, Cyclomethicone, Dimethicone Copolyol, Diazolidinyl Urea, Mica, Titanium Dioxide.<\/p>\n<\/div>\n<\/div>\n<\/div>\n<\/div>\n<\/div>\n","protected":false},"excerpt":{"rendered":"<div class=\"field-label\"><strong>Storlek: 30 gr.<\/strong><\/div>\n","protected":false},"featured_media":10801,"comment_status":"closed","ping_status":"closed","template":"","meta":[],"product_cat":[488],"product_tag":[],"class_list":["post-11279","product","type-product","status-publish","has-post-thumbnail","hentry","product_cat-primers-sv"],"acf":[],"_links":{"self":[{"href":"https:\/\/simoreno.se\/sv\/wp-json\/wp\/v2\/product\/11279","targetHints":{"allow":["GET"]}}],"collection":[{"href":"https:\/\/simoreno.se\/sv\/wp-json\/wp\/v2\/product"}],"about":[{"href":"https:\/\/simoreno.se\/sv\/wp-json\/wp\/v2\/types\/product"}],"replies":[{"embeddable":true,"href":"https:\/\/simoreno.se\/sv\/wp-json\/wp\/v2\/comments?post=11279"}],"version-history":[{"count":0,"href":"https:\/\/simoreno.se\/sv\/wp-json\/wp\/v2\/product\/11279\/revisions"}],"wp:featuredmedia":[{"embeddable":true,"href":"https:\/\/simoreno.se\/sv\/wp-json\/wp\/v2\/media\/10801"}],"wp:attachment":[{"href":"https:\/\/simoreno.se\/sv\/wp-json\/wp\/v2\/media?parent=11279"}],"wp:term":[{"taxonomy":"product_cat","embeddable":true,"href":"https:\/\/simoreno.se\/sv\/wp-json\/wp\/v2\/product_cat?post=11279"},{"taxonomy":"product_tag","embeddable":true,"href":"https:\/\/simoreno.se\/sv\/wp-json\/wp\/v2\/product_tag?post=11279"}],"curies":[{"name":"wp","href":"https:\/\/api.w.org\/{rel}","templated":true}]}}