{"id":11284,"date":"2021-09-16T13:23:03","date_gmt":"2021-11-22T11:17:03","guid":{"rendered":"https:\/\/simoreno.se\/product\/castano-bb-gradde\/"},"modified":"2022-02-01T12:31:30","modified_gmt":"2022-02-01T11:31:30","slug":"castano-bb-cream","status":"publish","type":"product","link":"https:\/\/simoreno.se\/sv\/product\/castano-bb-cream\/","title":{"rendered":"CASTANO-BB Cream"},"content":{"rendered":"<div class=\"field field-name-body field-type-text-with-summary field-label-above\">\n<div class=\"field-label\">\n<div class=\"field field-name-body field-type-text-with-summary field-label-above\">\n<div class=\"field-items\">\n<div class=\"field-item even\">\n<ul>\n<li>En kombination av f\u00f6rdelarna som ett serum kan inneh\u00e5lla: fuktighetskr\u00e4m, primer och foundation.<\/li>\n<li>Ger en ren, tonad t\u00e4ckning som l\u00e4mnar huden str\u00e5lande och ser frisk ut<\/li>\n<li>Skyddar och f\u00f6rst\u00e4rker hudens yta.<\/li>\n<li>Formulerad med naturlig solkr\u00e4m f\u00f6rsedd med titandioxid<\/li>\n<li>Oljefri formulering<\/li>\n<li>Dimetikon, Hyaluronsyra och Aloe Vera hj\u00e4lper till att beh\u00e5lla fukten i huden f\u00f6r att f\u00f6rhindra uttorkning i samband med rynkor och \u00e5ldrande hud.<\/li>\n<li>Vitamin C och E ger huden antioxidanter som skyddar mot skador orsakade av yttre naturliga faktorer och bidrar till \u00e5terst\u00e4llandet av skadade celler.<\/li>\n<li>En utm\u00e4rkt naturlig t\u00e4ckning f\u00f6r alla hudtyper<\/li>\n<li>Parfym och parbenfri<\/li>\n<\/ul>\n<\/div>\n<\/div>\n<\/div>\n<div class=\"field field-name-field-term-of-user field-type-text-long field-label-above\">\n<div class=\"field-label\"><strong>ANV\u00c4NDARVILLKOR:<\/strong><\/div>\n<div class=\"field-items\">\n<div class=\"field-item even\">\n<p>Applicera \u00f6ver ansiktet med l\u00e4tta j\u00e4mna drag med en kilsvamp, borste eller fingertoppar.<\/p>\n<\/div>\n<\/div>\n<\/div>\n<\/div>\n<div class=\"field-items\">\n<div class=\"field-item even\">\n<div class=\"field-label\">\n<div class=\"field-label\"><strong>INGREDIENTS:<\/strong><\/div>\n<div class=\"field-items\">\n<div class=\"field-item even\">\n<p>Water, Octyl Palmitate, Glycerin, Cetyl Alcohol, Caprylic \/ Capric Triglycerides, Glyceryl Stearate, Magnesium Aluminum Silicate, Dimethicone, Titanium Dioxide, Triethanolamine, Hyaluronic Acid, Aloe Vera, Octyl Methoxycinnamate, DMDM Hydantoin, Tocopherol (Vitamin E), Ascorbic Acid (Vitamin C), Iron Oxide, Twincide BG.der powder for maximum effect.<\/p>\n<\/div>\n<\/div>\n<p>Klicka p\u00e5 mer information nedan.<\/p>\n<\/div>\n<\/div>\n<\/div>\n<\/div>\n","protected":false},"excerpt":{"rendered":"<div class=\"field-label\"><strong>Storlek: 30 gr.<\/strong><\/div>\n","protected":false},"featured_media":10804,"comment_status":"closed","ping_status":"closed","template":"","meta":[],"product_cat":[485],"product_tag":[],"class_list":["post-11284","product","type-product","status-publish","has-post-thumbnail","hentry","product_cat-bb-cream"],"acf":[],"_links":{"self":[{"href":"https:\/\/simoreno.se\/sv\/wp-json\/wp\/v2\/product\/11284","targetHints":{"allow":["GET"]}}],"collection":[{"href":"https:\/\/simoreno.se\/sv\/wp-json\/wp\/v2\/product"}],"about":[{"href":"https:\/\/simoreno.se\/sv\/wp-json\/wp\/v2\/types\/product"}],"replies":[{"embeddable":true,"href":"https:\/\/simoreno.se\/sv\/wp-json\/wp\/v2\/comments?post=11284"}],"version-history":[{"count":0,"href":"https:\/\/simoreno.se\/sv\/wp-json\/wp\/v2\/product\/11284\/revisions"}],"wp:featuredmedia":[{"embeddable":true,"href":"https:\/\/simoreno.se\/sv\/wp-json\/wp\/v2\/media\/10804"}],"wp:attachment":[{"href":"https:\/\/simoreno.se\/sv\/wp-json\/wp\/v2\/media?parent=11284"}],"wp:term":[{"taxonomy":"product_cat","embeddable":true,"href":"https:\/\/simoreno.se\/sv\/wp-json\/wp\/v2\/product_cat?post=11284"},{"taxonomy":"product_tag","embeddable":true,"href":"https:\/\/simoreno.se\/sv\/wp-json\/wp\/v2\/product_tag?post=11284"}],"curies":[{"name":"wp","href":"https:\/\/api.w.org\/{rel}","templated":true}]}}