{"id":11639,"date":"2022-09-06T11:43:44","date_gmt":"2022-09-06T09:43:51","guid":{"rendered":"https:\/\/simoreno.se\/product\/eyeliner\/"},"modified":"2023-03-14T19:50:08","modified_gmt":"2023-03-14T18:50:08","slug":"eyeliner","status":"publish","type":"product","link":"https:\/\/simoreno.se\/sv\/product\/eyeliner\/","title":{"rendered":"Permanent Make Up Eyeliner \u00d6vre"},"content":{"rendered":"<p><strong>Permanent Make Up Eyeliner \u00d6vre\u00a0\u00a0\u00a0\u00a0\u00a0\u00a0\u00a0\u00a0\u00a0\u00a0 60 min\u00a0<\/strong><\/p>\n<p>Med hj\u00e4lp av en maskin f\u00e4rgl\u00e4ggs eyelinern l\u00e4ngs din \u00f6gonfransrad och hj\u00e4lper till att g\u00f6ra dina \u00f6gon mer markerade, \u00f6gonfransraden upplevs fylligare och \u00f6gonen ser st\u00f6rre och vaknare ut.<\/p>\n<p>F\u00f6rdelar<\/p>\n<ul>\n<li>Du slipper utdragna eller utsuddade eyeliners<\/li>\n<li>Du beh\u00f6ver inte s\u00e4tta p\u00e5 eyeliner varje dag<\/li>\n<li>F\u00f6rb\u00e4ttrar utseendet p\u00e5 din \u00f6gonfrans rad, ser fylligare ut<\/li>\n<li>Du kan simma, duscha, svettas utan att den f\u00f6rsvinner<\/li>\n<li>Rekommenderas till personer med kontaktlinser, som har allergier mot smink, fet hud eller ostadiga h\u00e4nder.<\/li>\n<\/ul>\n<p>N\u00e4r du kommer till oss ber vi dig att fylla i ett formul\u00e4r, innan behandlingen startar, som ber\u00e4ttar om din medicinska historia. Din terapeut informerar dig om olika tekniker och ni v\u00e4ljer den perfekta f\u00e4rgen f\u00f6r dig. Med din till\u00e5telse tar vi g\u00e4rna en f\u00f6re\/efter bild f\u00f6r marknadsf\u00f6rings syfte. Reng\u00f6ring av omr\u00e5det som ska tatueras, en bed\u00f6vande kr\u00e4m appliceras sedan l\u00e4ggs din eyeliner l\u00e4ngs fransraden.<\/p>\n<p>Inf\u00f6r din behandling:<\/p>\n<ul>\n<li>Om du b\u00e4r kontaktlinser s\u00e5 kommer du inte kunna anv\u00e4nda dem p\u00e5 ca 24-48 timmar efter din behandling<\/li>\n<li>Om du har gjort en \u00f6gonoperation (exv Lasik) f\u00f6re din behandling beh\u00f6ver du vara helt l\u00e4kt innan du kommer till oss.<\/li>\n<li>Du beh\u00f6ver avsluta anv\u00e4ndningen av \u00f6gonfrans f\u00f6rl\u00e4ngande medel (exv Xlash) 1 m\u00e5nad innan din behandling.<\/li>\n<\/ul>\n<p>Efter din behandling:<\/p>\n<p>Dina \u00f6gonlock kommer att vara l\u00e4tt r\u00f6da, svullna och \u00f6mma direkt efter behandlingen, detta f\u00f6rsvinner inom n\u00e5gra dagar. Eyelinern kan upplevas m\u00f6rkare och lite tjockare till en b\u00f6rjan men blir ljusare med tiden.<\/p>\n<ul>\n<li>B\u00e4r ej mascara eller \u00f6gonskugga under de f\u00f6rsta 7dagarna<\/li>\n<li>Anv\u00e4nd rekommenderad salva, dagligen<\/li>\n<\/ul>\n<p>Vi rekommenderar ej denna behandling f\u00f6r<\/p>\n<ul>\n<li>Personer under 18\u00e5r<\/li>\n<li>Gravida\/ammande kvinnor<\/li>\n<li>Om du har pacemaker\/hj\u00e4rtproblem<\/li>\n<li>Om du har virus eller \u00e4r sjuk<\/li>\n<li>Om du har Lupus<\/li>\n<li>Om du genomg\u00e5tt en transplantation<\/li>\n<\/ul>\n","protected":false},"excerpt":{"rendered":"<p>Med hj\u00e4lp av en maskin f\u00e4rgl\u00e4ggs eyelinern l\u00e4ngs din \u00f6gonfransrad och hj\u00e4lper till att g\u00f6ra dina \u00f6gon mer markerade, \u00f6gonfransraden upplevs fylligare och \u00f6gonen ser st\u00f6rre och vaknare ut.<\/p>\n","protected":false},"featured_media":11581,"comment_status":"open","ping_status":"closed","template":"","meta":[],"product_cat":[519],"product_tag":[],"class_list":["post-11639","product","type-product","status-publish","has-post-thumbnail","hentry","product_cat-permanent-makeup"],"acf":[],"_links":{"self":[{"href":"https:\/\/simoreno.se\/sv\/wp-json\/wp\/v2\/product\/11639","targetHints":{"allow":["GET"]}}],"collection":[{"href":"https:\/\/simoreno.se\/sv\/wp-json\/wp\/v2\/product"}],"about":[{"href":"https:\/\/simoreno.se\/sv\/wp-json\/wp\/v2\/types\/product"}],"replies":[{"embeddable":true,"href":"https:\/\/simoreno.se\/sv\/wp-json\/wp\/v2\/comments?post=11639"}],"version-history":[{"count":0,"href":"https:\/\/simoreno.se\/sv\/wp-json\/wp\/v2\/product\/11639\/revisions"}],"wp:featuredmedia":[{"embeddable":true,"href":"https:\/\/simoreno.se\/sv\/wp-json\/wp\/v2\/media\/11581"}],"wp:attachment":[{"href":"https:\/\/simoreno.se\/sv\/wp-json\/wp\/v2\/media?parent=11639"}],"wp:term":[{"taxonomy":"product_cat","embeddable":true,"href":"https:\/\/simoreno.se\/sv\/wp-json\/wp\/v2\/product_cat?post=11639"},{"taxonomy":"product_tag","embeddable":true,"href":"https:\/\/simoreno.se\/sv\/wp-json\/wp\/v2\/product_tag?post=11639"}],"curies":[{"name":"wp","href":"https:\/\/api.w.org\/{rel}","templated":true}]}}