{"id":11644,"date":"2022-09-06T12:09:02","date_gmt":"2022-09-06T10:09:03","guid":{"rendered":"https:\/\/simoreno.se\/?post_type=product&#038;p=11644"},"modified":"2023-03-14T19:59:19","modified_gmt":"2023-03-14T18:59:19","slug":"ogonbryn","status":"publish","type":"product","link":"https:\/\/simoreno.se\/sv\/product\/ogonbryn\/","title":{"rendered":"Permanent Make Up \u00d6gonbryn"},"content":{"rendered":"<p><strong>Permanent Make Up \u00d6gonbryn\u00a0\u00a0\u00a0\u00a0\u00a0 120 min\u00a0 \u00a0 \u00a0 \u00a0 \u00a0\u00a0<\/strong><\/p>\n<p>\u00d6gonbryn \u00e4r en viktig egenskap, som ramar in ditt ansikte och f\u00f6rst\u00e4rker dina drag. Permanenta \u00f6gonbryn \u00e4r en bra l\u00f6sning f\u00f6r dem med glest, ljust, inget h\u00e5r eller de som vill f\u00f6rb\u00e4ttra sina befintliga \u00f6gonbryn. Brynen ska utformas s\u00e5 symmetriska som m\u00f6jligt som komplimenterar din \u00f6gon- och ansiktsform.<\/p>\n<p>F\u00f6rdelar:<\/p>\n<p>&#8211; Frihet fr\u00e5n besv\u00e4ret med att l\u00e4gga smink<\/p>\n<p>&#8211; Lider inte av allergier l\u00e4ngre.<\/p>\n<p>&#8211; Perfekt f\u00f6r synskadade eller de med en ostadig hand.<\/p>\n<p>&#8211; Symmetri skapad.<\/p>\n<p>&#8211; F\u00f6rb\u00e4ttrar dina naturliga egenskaper.<\/p>\n<p>&#8211; S\u00e4kert sj\u00e4lvf\u00f6rtroende!<\/p>\n<p>Processen:<\/p>\n<p>Permanent makeup \u00e4r en process f\u00f6r att f\u00f6rsiktigt implantera mikroskopiska f\u00e4rg\u00e4mnen i dermis. I fall av kamouflerande \u00e4rr och korrigerande makeup kan m\u00e5let endast uppn\u00e5s genom upprepade appliceringar och f\u00f6rfining av tidigare appliceringar efter l\u00e4kning. M\u00e5let med den f\u00f6rsta applikationen \u00e4r att &#8220;m\u00e4tta&#8221; det \u00f6nskade omr\u00e5det som ska pigmenteras. Ditt andra bes\u00f6k \u00e4r att forma, j\u00e4mna ut oj\u00e4mnheter och f\u00f6rst\u00e4rka f\u00e4rgen p\u00e5 din permanenta makeup.<\/p>\n<p>Dagen efter:<\/p>\n<p>N\u00e4r din nya makeup \u00e4r klar kommer den att se f\u00f6r m\u00f6rk ut. Det h\u00e4r \u00e4r tempor\u00e4rt. Du ser pigment i b\u00e5da skikten av din hud (epidermis och dermis). Det \u00f6versta lagret av din hud tappar och f\u00f6rnyar sig med n\u00e5gra dagars mellanrum och med denna naturliga process kommer pigmentet i det \u00f6versta lagret att flagna av. Denna initiala M\u00d6RKA look kommer inte att h\u00e5lla. Endast f\u00e4rgen i dermis (andra hudlagret) kommer att vara l\u00e5ngvarig.<\/p>\n<p>L\u00e4kning:<\/p>\n<p>Under de f\u00f6rsta 2-3 dagarna efter applicering av \u00f6gonbrynen kommer du att f\u00e5 svullnad, rodnad och \u00f6mhet i omr\u00e5det f\u00f6r din nyligen applicerade makeup. Det \u00e4r viktigt att sk\u00e4mma bort din nya makeup och h\u00e5lla en skyddande sl\u00f6ja av vaselin \u00f6ver det drabbade omr\u00e5det. Detta f\u00f6rhindrar skorvbildning och uttorkning, vilket kan &#8220;lyfta ut&#8221; den nyligen implanterade f\u00e4rgen. B\u00e4r alltid solglas\u00f6gon och solskyddskr\u00e4m n\u00e4r du \u00e4r ute.<\/p>\n<p>Instruktioner f\u00f6r prepermanent makeup<\/p>\n<p>&#8211; V\u00e4nta 2 timmar f\u00f6r din sminkprocedur.<\/p>\n<p>&#8211; R\u00e5dfr\u00e5ga din l\u00e4kare och den permanenta makeup-teknikern innan du tar n\u00e5gra mediciner innan du kommer till ditt m\u00f6te.<\/p>\n<p>Post Instruktioner f\u00f6r v\u00e5rd av \u00f6gonbryn<\/p>\n<p>&#8211; Cool packs b\u00f6r inte appliceras i mer \u00e4n tjugo minuter \u00e5t g\u00e5ngen<\/p>\n<p>&#8211; Kalla f\u00f6rpackningar till ingreppsomr\u00e5det kan anv\u00e4ndas under de f\u00f6rsta 24 timmarna.<\/p>\n<p>\u2013 Du b\u00f6r massera brynen var fj\u00e4rde timme med bomullstussar och vatten under de f\u00f6rsta 24 timmarna f\u00f6r att f\u00e5 bort eventuellt blod och f\u00f6r att undvika s\u00e5r.<\/p>\n<p>&#8211; L\u00e5t inte vatten tr\u00e4ffa \u00f6gonbrynen i duschen, tv\u00e4tta f\u00f6rsiktigt med vanlig mild ansiktsreng\u00f6ring och vattna med h\u00e4nderna och klappa torrt.<\/p>\n<p>&#8211; Applicera ett tunt lager vaselin p\u00e5 brynen 24 timmar om dygnet i 7-14 dagar.<\/p>\n<p>&#8211; Plocka INTE s\u00e5rskorpor eller f\u00e4rg kommer att g\u00e5 f\u00f6rlorad.<\/p>\n<p>&#8211; G\u00c5 INTE in i solen eller poolen p\u00e5 tv\u00e5 veckor.<\/p>\n<p>&#8211; N\u00e4r du g\u00e5r i solen anv\u00e4nd en SPF 45 f\u00f6r att skydda ditt ansikte.<\/p>\n<p>Vem b\u00f6r undvika permanent makeup?<\/p>\n<p>&#8211; Individer under 18 \u00e5r.<\/p>\n<p>&#8211; Kvinnor som \u00e4r gravida eller ammar.<\/p>\n<p>&#8211; Individer med pacemaker eller stora hj\u00e4rtproblem.<\/p>\n<p>&#8211; Individer med virusinfektioner och\/eller sjukdomar.<\/p>\n<p>&#8211; Individer med Lupus.<\/p>\n<p>&#8211; Individer som har genomg\u00e5tt organtransplantation.<\/p>\n<pre id=\"tw-target-text\" class=\"tw-data-text tw-text-large tw-ta\" dir=\"ltr\" data-placeholder=\"Translation\"><span class=\"Y2IQFc\" lang=\"sv\">\r\n\r\n<\/span><\/pre>\n","protected":false},"excerpt":{"rendered":"<p>Ett perfekt val f\u00f6r dig som vill ha mer markerade, symmetriska och j\u00e4mnare \u00f6gonbryn. \u00d6gonbryn kan rama in \u00f6gonen och ditt ansikte p\u00e5 ett vackert s\u00e4tt. Vi m\u00e4ter en form efter din benstruktur och pigment v\u00e4ljs efter dina f\u00e4rger f\u00f6r att skapa ett s\u00e5 naturligt resultat som m\u00f6jligt.<\/p>\n","protected":false},"featured_media":11913,"comment_status":"open","ping_status":"closed","template":"","meta":[],"product_cat":[519],"product_tag":[],"class_list":["post-11644","product","type-product","status-publish","has-post-thumbnail","hentry","product_cat-permanent-makeup"],"acf":[],"_links":{"self":[{"href":"https:\/\/simoreno.se\/sv\/wp-json\/wp\/v2\/product\/11644","targetHints":{"allow":["GET"]}}],"collection":[{"href":"https:\/\/simoreno.se\/sv\/wp-json\/wp\/v2\/product"}],"about":[{"href":"https:\/\/simoreno.se\/sv\/wp-json\/wp\/v2\/types\/product"}],"replies":[{"embeddable":true,"href":"https:\/\/simoreno.se\/sv\/wp-json\/wp\/v2\/comments?post=11644"}],"version-history":[{"count":0,"href":"https:\/\/simoreno.se\/sv\/wp-json\/wp\/v2\/product\/11644\/revisions"}],"wp:featuredmedia":[{"embeddable":true,"href":"https:\/\/simoreno.se\/sv\/wp-json\/wp\/v2\/media\/11913"}],"wp:attachment":[{"href":"https:\/\/simoreno.se\/sv\/wp-json\/wp\/v2\/media?parent=11644"}],"wp:term":[{"taxonomy":"product_cat","embeddable":true,"href":"https:\/\/simoreno.se\/sv\/wp-json\/wp\/v2\/product_cat?post=11644"},{"taxonomy":"product_tag","embeddable":true,"href":"https:\/\/simoreno.se\/sv\/wp-json\/wp\/v2\/product_tag?post=11644"}],"curies":[{"name":"wp","href":"https:\/\/api.w.org\/{rel}","templated":true}]}}