{"id":11648,"date":"2022-09-06T13:47:15","date_gmt":"2022-09-06T11:47:16","guid":{"rendered":"https:\/\/simoreno.se\/?post_type=product&#038;p=11648"},"modified":"2023-03-14T19:45:28","modified_gmt":"2023-03-14T18:45:28","slug":"lapp-liner-full-blush","status":"publish","type":"product","link":"https:\/\/simoreno.se\/sv\/product\/lapp-liner-full-blush\/","title":{"rendered":"Permanent Makeup l\u00e4pplinje &amp; l\u00e4ppigmentering (Lip Blush)"},"content":{"rendered":"<p><strong>Permanent Makeup l\u00e4pplinje &amp; l\u00e4ppigmentering (Lip Blush)\u00a0\u00a0\u00a0 120 min\u00a0 \u00a0 \u00a0 \u00a0 \u00a0 \u00a0<\/strong><\/p>\n<p>Ett popul\u00e4rt val f\u00f6r den som vill ha naturligt vackra l\u00e4ppar. Semi-permanent l\u00e4ppbehandling f\u00f6rb\u00e4ttrar den naturliga formen p\u00e5 l\u00e4pparna och skapar en 3D effekt av l\u00e4pparna som ger dem en boost av vitalitet och f\u00e4rg. En b\u00e4sts\u00e4ljare som erbjuder ett permanent alternativ till l\u00e4ppstift och kan hj\u00e4lpa dig se fantastiskt ut dygnet runt.<\/p>\n<p>En kosmetisk tatuerare ritar noggrant och f\u00e4rgl\u00e4gger l\u00e4pparna f\u00f6r att skapa en l\u00e4pplinje som \u00e4r formad efter dina l\u00e4ppars naturliga form. Pigment injiceras i l\u00e4pparna med en fin n\u00e5l sedan skuggas f\u00e4rgen in mot mitten.<\/p>\n<p>Inf\u00f6r din behandling<\/p>\n<ul>\n<li>Avst\u00e5 fr\u00e5n intag av alkohol 48timmar f\u00f6re din behandling<\/li>\n<li>Avst\u00e5 fr\u00e5n att anv\u00e4nda Alvedon\/Ipren och liknande v\u00e4rktabletter 48 timmar f\u00f6re din behandling<\/li>\n<li>Du b\u00f6r r\u00e5dfr\u00e5ga en l\u00e4kare innan du slutar med din medicin<\/li>\n<li>Undvik anv\u00e4ndning av fiskolja, niacin och vitamin E d\u00e5 dessa kan g\u00f6ra ditt blod tunnare<\/li>\n<li>Informera din terapeut om eventuella allergier<\/li>\n<\/ul>\n<p>Efter din behandling<\/p>\n<ul>\n<li>L\u00e4pparna kommer vara svullna f\u00f6rsta dagen efter din behandling. Anv\u00e4nd isp\u00e5sar f\u00f6r att minska svullnad<\/li>\n<li>Undvik att vistas i direkt solljus<\/li>\n<li>Anv\u00e4nd SPF 50 p\u00e5 l\u00e4pparna<\/li>\n<li>Undvik tv\u00e5lar och lotions som inneh\u00e5ller fruktsyror, Glycolic, Hydroxy<\/li>\n<li>Gnugga eller r\u00f6r inte dina l\u00e4ppar d\u00e5 detta kan orsaka infektion<\/li>\n<li>F\u00f6rs\u00f6k att inte \u00e4ta salt eller kryddig mat<\/li>\n<li>Undvik att kyssa n\u00e5gon i ca 7dgr<\/li>\n<\/ul>\n<p>Vi rekommenderar ej denna behandling f\u00f6r<\/p>\n<ul>\n<li>Personer under 18\u00e5r<\/li>\n<li>Gravida\/ammande kvinnor<\/li>\n<li>Om du har pacemaker\/hj\u00e4rtproblem<\/li>\n<li>Om du har virus eller \u00e4r sjuk<\/li>\n<li>Om du har Lupus<\/li>\n<li>Om du genomg\u00e5tt en transplantation<\/li>\n<\/ul>\n","protected":false},"excerpt":{"rendered":"<p>Ett popul\u00e4rt val f\u00f6r den som vill ha naturligt vackra l\u00e4ppar. Semi-permanent l\u00e4ppbehandling f\u00f6rb\u00e4ttrar den naturliga formen p\u00e5 l\u00e4pparna och skapar en 3D effekt av l\u00e4pparna som ger dem en boost av vitalitet och f\u00e4rg. En b\u00e4sts\u00e4ljare som erbjuder ett permanent alternativ till l\u00e4ppstift och kan hj\u00e4lpa dig se fantastiskt ut dygnet runt.<\/p>\n","protected":false},"featured_media":11589,"comment_status":"open","ping_status":"closed","template":"","meta":[],"product_cat":[519],"product_tag":[],"class_list":["post-11648","product","type-product","status-publish","has-post-thumbnail","hentry","product_cat-permanent-makeup"],"acf":[],"_links":{"self":[{"href":"https:\/\/simoreno.se\/sv\/wp-json\/wp\/v2\/product\/11648","targetHints":{"allow":["GET"]}}],"collection":[{"href":"https:\/\/simoreno.se\/sv\/wp-json\/wp\/v2\/product"}],"about":[{"href":"https:\/\/simoreno.se\/sv\/wp-json\/wp\/v2\/types\/product"}],"replies":[{"embeddable":true,"href":"https:\/\/simoreno.se\/sv\/wp-json\/wp\/v2\/comments?post=11648"}],"version-history":[{"count":0,"href":"https:\/\/simoreno.se\/sv\/wp-json\/wp\/v2\/product\/11648\/revisions"}],"wp:featuredmedia":[{"embeddable":true,"href":"https:\/\/simoreno.se\/sv\/wp-json\/wp\/v2\/media\/11589"}],"wp:attachment":[{"href":"https:\/\/simoreno.se\/sv\/wp-json\/wp\/v2\/media?parent=11648"}],"wp:term":[{"taxonomy":"product_cat","embeddable":true,"href":"https:\/\/simoreno.se\/sv\/wp-json\/wp\/v2\/product_cat?post=11648"},{"taxonomy":"product_tag","embeddable":true,"href":"https:\/\/simoreno.se\/sv\/wp-json\/wp\/v2\/product_tag?post=11648"}],"curies":[{"name":"wp","href":"https:\/\/api.w.org\/{rel}","templated":true}]}}