{"id":11658,"date":"2022-09-06T14:04:06","date_gmt":"2022-09-06T12:04:07","guid":{"rendered":"https:\/\/simoreno.se\/?post_type=product&#038;p=11658"},"modified":"2023-02-18T12:56:41","modified_gmt":"2023-02-18T11:56:41","slug":"underbenet","status":"publish","type":"product","link":"https:\/\/simoreno.se\/sv\/product\/underbenet\/","title":{"rendered":"Underben Vaxning"},"content":{"rendered":"<p><strong>Underben Vaxning\u00a0 15min\u00a0\u00a0<\/strong><\/p>\n<p>Vaxning \u00e4r ett bra alternativ f\u00f6r dig med k\u00e4nslig hud. Rakning kan skapa in\u00e5tv\u00e4xande h\u00e5rstr\u00e5n och rakbladet kan torka ut din hud. Vaxning fungerar som en effektiv h\u00e5rborttagning, f\u00f6r st\u00f6rre omr\u00e5den med h\u00e5r, och exfolierar samtidigt din hud s\u00e5 den ser sl\u00e4tare och j\u00e4mnare ut.<\/p>\n<p>Att t\u00e4nka p\u00e5 innan din behandling:<\/p>\n<ul>\n<li>L\u00e5t h\u00e5ret v\u00e4xa i 2 &#8211; 3 veckor, f\u00f6r en sm\u00e4rtfri behandling och b\u00e4st resultat<\/li>\n<li>Exfoliera g\u00e4rna omr\u00e5det du vill vaxa ca 48 timmar innan din behandling<\/li>\n<li>Vi rekommenderar att tv\u00e4tta omr\u00e5det du vill vaxa ca 1 timme innan din behandling<\/li>\n<li>Boka g\u00e4rna din behandling en vecka efter menstruation, d\u00e5 du \u00e4r mer k\u00e4nslig f\u00f6r sm\u00e4rta en vecka innan mens och en vecka efter.<\/li>\n<\/ul>\n<p>Att t\u00e4nka p\u00e5 efter din behandling:<\/p>\n<ul>\n<li>Avst\u00e5 fr\u00e5n gym, bastu och \u00e5ngbastu minst 48 timmar efter din behandling<\/li>\n<li>V\u00e4nta 72 timmar med peeling och exfoliering p\u00e5 behandlat omr\u00e5de<\/li>\n<li>Vid vaxning av armh\u00e5la, anv\u00e4nd ej deodorant de n\u00e4rmaste 24timmarna efter behandling<\/li>\n<li>Planera din n\u00e4sta vaxning, regelbunden vaxning leder till att h\u00e5rutv\u00e4xten tar l\u00e4ngre tid och d\u00e4rav h\u00e5ller ditt resultat l\u00e4ngre.<\/li>\n<\/ul>\n","protected":false},"excerpt":{"rendered":"<p>Vaxning \u00e4r ett bra alternativ f\u00f6r dig med k\u00e4nslig hud. Rakning kan skapa in\u00e5tv\u00e4xande h\u00e5rstr\u00e5n och rakbladet kan torka ut din hud. Vaxning fungerar som en effektiv h\u00e5rborttagning, f\u00f6r st\u00f6rre omr\u00e5den med h\u00e5r, och exfolierar samtidigt din hud s\u00e5 den ser sl\u00e4tare och j\u00e4mnare ut.<\/p>\n","protected":false},"featured_media":11611,"comment_status":"open","ping_status":"closed","template":"","meta":[],"product_cat":[526],"product_tag":[],"class_list":["post-11658","product","type-product","status-publish","has-post-thumbnail","hentry","product_cat-vaxning"],"acf":[],"_links":{"self":[{"href":"https:\/\/simoreno.se\/sv\/wp-json\/wp\/v2\/product\/11658","targetHints":{"allow":["GET"]}}],"collection":[{"href":"https:\/\/simoreno.se\/sv\/wp-json\/wp\/v2\/product"}],"about":[{"href":"https:\/\/simoreno.se\/sv\/wp-json\/wp\/v2\/types\/product"}],"replies":[{"embeddable":true,"href":"https:\/\/simoreno.se\/sv\/wp-json\/wp\/v2\/comments?post=11658"}],"version-history":[{"count":0,"href":"https:\/\/simoreno.se\/sv\/wp-json\/wp\/v2\/product\/11658\/revisions"}],"wp:featuredmedia":[{"embeddable":true,"href":"https:\/\/simoreno.se\/sv\/wp-json\/wp\/v2\/media\/11611"}],"wp:attachment":[{"href":"https:\/\/simoreno.se\/sv\/wp-json\/wp\/v2\/media?parent=11658"}],"wp:term":[{"taxonomy":"product_cat","embeddable":true,"href":"https:\/\/simoreno.se\/sv\/wp-json\/wp\/v2\/product_cat?post=11658"},{"taxonomy":"product_tag","embeddable":true,"href":"https:\/\/simoreno.se\/sv\/wp-json\/wp\/v2\/product_tag?post=11658"}],"curies":[{"name":"wp","href":"https:\/\/api.w.org\/{rel}","templated":true}]}}