{"id":11696,"date":"2022-09-06T15:14:10","date_gmt":"2022-09-06T13:14:10","guid":{"rendered":"https:\/\/simoreno.se\/?post_type=product&#038;p=11696"},"modified":"2023-03-14T19:33:27","modified_gmt":"2023-03-14T18:33:27","slug":"lymfatiska-drenage","status":"publish","type":"product","link":"https:\/\/simoreno.se\/sv\/product\/lymfatiska-drenage\/","title":{"rendered":"Mekanisk Lymfdr\u00e4nage Massage\u00a0\u00a0"},"content":{"rendered":"<p><strong>Mekanisk Lymfdr\u00e4nage Massage\u00a0\u00a0\u00a0\u00a0\u00a0\u00a0\u00a0\u00a0\u00a0\u00a0\u00a0\u00a0\u00a0\u00a0\u00a0\u00a0\u00a0 50 min\u00a0 \u00a0 \u00a0 \u00a0 \u00a0 \u00a0 \u00a0 \u00a0 \u00a0 \u00a0<\/strong><\/p>\n<p>Mekanisk Lymfdr\u00e4nage Massage \u00e4r en mycket effektiv behandling som fr\u00e4mjar lymfcirkulationen i kroppen och \u00e4r s\u00e4rskilt bra f\u00f6r dig med tr\u00f6tta, svullna f\u00f6tter, ben eller som vill minska i omf\u00e5ng.<\/p>\n<p>Behandlingen passar dig som har ett stillasittande jobb, som lider av fetma, celluliter,<\/p>\n<p>blodcirkulations st\u00f6rningar, har fysisk \u00f6verbelastning eller bensjukdomar.<\/p>\n<p>Tyngdk\u00e4nslan i benen, svullnad och tr\u00f6tthet i f\u00f6tterna minskar direkt efter f\u00f6rsta behandlingen och du f\u00e5r en k\u00e4nsla av l\u00e4tthet i hela kroppen.<\/p>\n<p>Du kan b\u00e5de se och m\u00e4ta skillnaden direkt efter din behandling.<\/p>\n<p>Vi rekommenderar inte lymfdr\u00e4nagemassage om du lider av<\/p>\n<ul>\n<li>Hj\u00e4rtsjukdom<\/li>\n<li>Njursvikt<\/li>\n<li>Har l\u00e4tt f\u00f6r att f\u00e5, eller har blodproppar<\/li>\n<\/ul>\n<p>Efter din behandling<\/p>\n<ul>\n<li>B\u00e4r l\u00f6st sittande kl\u00e4der<\/li>\n<li>\u00d6ka intaget av vatten de efterf\u00f6ljande dagarna<\/li>\n<li>Minska intaget av koffein (kaffe, te, coca-cola)<\/li>\n<li>Undvik alkohol i minst 24 timmar<\/li>\n<li>F\u00f6rs\u00f6k att dra ner p\u00e5 eller sluta r\u00f6ka\/snusa<\/li>\n<\/ul>\n<p>Vi rekommenderar att du bokar 10 behandlingar, och f\u00f6rs\u00f6ker komma in minst 2g\u00e5nger\/veckan f\u00f6rsta m\u00e5naden och 1g\u00e5ng\/vecka andra m\u00e5naden.<\/p>\n","protected":false},"excerpt":{"rendered":"<p>Mekanisk Lymfdr\u00e4nage Massage \u00e4r en mycket effektiv behandling som fr\u00e4mjar lymfcirkulationen i kroppen och \u00e4r s\u00e4rskilt bra f\u00f6r dig med tr\u00f6tta, svullna f\u00f6tter, ben eller som vill minska i omf\u00e5ng.<\/p>\n","protected":false},"featured_media":11591,"comment_status":"open","ping_status":"closed","template":"","meta":[],"product_cat":[528],"product_tag":[],"class_list":["post-11696","product","type-product","status-publish","has-post-thumbnail","hentry","product_cat-ekologisk-kroppsbehandling"],"acf":[],"_links":{"self":[{"href":"https:\/\/simoreno.se\/sv\/wp-json\/wp\/v2\/product\/11696","targetHints":{"allow":["GET"]}}],"collection":[{"href":"https:\/\/simoreno.se\/sv\/wp-json\/wp\/v2\/product"}],"about":[{"href":"https:\/\/simoreno.se\/sv\/wp-json\/wp\/v2\/types\/product"}],"replies":[{"embeddable":true,"href":"https:\/\/simoreno.se\/sv\/wp-json\/wp\/v2\/comments?post=11696"}],"version-history":[{"count":0,"href":"https:\/\/simoreno.se\/sv\/wp-json\/wp\/v2\/product\/11696\/revisions"}],"wp:featuredmedia":[{"embeddable":true,"href":"https:\/\/simoreno.se\/sv\/wp-json\/wp\/v2\/media\/11591"}],"wp:attachment":[{"href":"https:\/\/simoreno.se\/sv\/wp-json\/wp\/v2\/media?parent=11696"}],"wp:term":[{"taxonomy":"product_cat","embeddable":true,"href":"https:\/\/simoreno.se\/sv\/wp-json\/wp\/v2\/product_cat?post=11696"},{"taxonomy":"product_tag","embeddable":true,"href":"https:\/\/simoreno.se\/sv\/wp-json\/wp\/v2\/product_tag?post=11696"}],"curies":[{"name":"wp","href":"https:\/\/api.w.org\/{rel}","templated":true}]}}