{"id":11698,"date":"2022-09-06T15:17:19","date_gmt":"2022-09-06T13:17:20","guid":{"rendered":"https:\/\/simoreno.se\/?post_type=product&#038;p=11698"},"modified":"2023-03-14T19:35:32","modified_gmt":"2023-03-14T18:35:32","slug":"anti-celluliter-massage","status":"publish","type":"product","link":"https:\/\/simoreno.se\/sv\/product\/anti-celluliter-massage\/","title":{"rendered":"Anti-Cellulit Massage"},"content":{"rendered":"<p><strong>Anti-Cellulit Massage\u00a0 30 min\u00a0\u00a0<\/strong><\/p>\n<p>Anti-Cellulit Massagen \u00e4r perfekt f\u00f6r dig som vill forma och slimma ner figuren, f\u00e5 ett l\u00e4tt lyft f\u00f6r bakdelen, g\u00f6ra dig av med gifter, svullnader och celluliter samtidigt som du f\u00e5r en sl\u00e4t hud. Massagen bryter ner fettfickor som uppst\u00e5tt i olika delar av kroppen och skapar en h\u00e4lsosam blodcirkulation som i sin tur minskar uppkomsten och utseende p\u00e5 celluliter och j\u00e4mnar ut din hud. Vi rekommenderar Si Moreno Cellulite Eraser f\u00f6r hemmabruk.<\/p>\n<p>Vi masserar in Si Moreno Cellulite Eraser i omr\u00e5dena som ska behandlas, sedan utf\u00f6rs massagen genom att kn\u00e5da, dra och str\u00e4cka f\u00f6rsiktigt f\u00f6r att lossa fettv\u00e4vnad, vi anv\u00e4nder oss \u00e4ven av nyp och h\u00e5ll tekniken, direkt p\u00e5 omr\u00e5den som har celluliter f\u00f6r att bryta upp fettet under huden.<\/p>\n<p>Vi rekommenderar ej behandlingen f\u00f6r gravida.<\/p>\n","protected":false},"excerpt":{"rendered":"<p>Anti-Cellulit Massagen \u00e4r perfekt f\u00f6r dig som vill forma och slimma ner figuren, f\u00e5 ett l\u00e4tt lyft f\u00f6r bakdelen, g\u00f6ra dig av med gifter, svullnader och celluliter samtidigt som du f\u00e5r en sl\u00e4t hud. Massagen bryter ner fettfickor som uppst\u00e5tt i olika delar av kroppen och skapar en h\u00e4lsosam blodcirkulation som i sin tur minskar uppkomsten och utseende p\u00e5 celluliter och j\u00e4mnar ut din hud. Vi rekommenderar Si Moreno Cellulite Eraser f\u00f6r hemmabruk.<\/p>\n","protected":false},"featured_media":11617,"comment_status":"open","ping_status":"closed","template":"","meta":[],"product_cat":[528],"product_tag":[],"class_list":["post-11698","product","type-product","status-publish","has-post-thumbnail","hentry","product_cat-ekologisk-kroppsbehandling"],"acf":[],"_links":{"self":[{"href":"https:\/\/simoreno.se\/sv\/wp-json\/wp\/v2\/product\/11698","targetHints":{"allow":["GET"]}}],"collection":[{"href":"https:\/\/simoreno.se\/sv\/wp-json\/wp\/v2\/product"}],"about":[{"href":"https:\/\/simoreno.se\/sv\/wp-json\/wp\/v2\/types\/product"}],"replies":[{"embeddable":true,"href":"https:\/\/simoreno.se\/sv\/wp-json\/wp\/v2\/comments?post=11698"}],"version-history":[{"count":0,"href":"https:\/\/simoreno.se\/sv\/wp-json\/wp\/v2\/product\/11698\/revisions"}],"wp:featuredmedia":[{"embeddable":true,"href":"https:\/\/simoreno.se\/sv\/wp-json\/wp\/v2\/media\/11617"}],"wp:attachment":[{"href":"https:\/\/simoreno.se\/sv\/wp-json\/wp\/v2\/media?parent=11698"}],"wp:term":[{"taxonomy":"product_cat","embeddable":true,"href":"https:\/\/simoreno.se\/sv\/wp-json\/wp\/v2\/product_cat?post=11698"},{"taxonomy":"product_tag","embeddable":true,"href":"https:\/\/simoreno.se\/sv\/wp-json\/wp\/v2\/product_tag?post=11698"}],"curies":[{"name":"wp","href":"https:\/\/api.w.org\/{rel}","templated":true}]}}