{"id":11700,"date":"2022-09-06T15:22:14","date_gmt":"2022-09-06T13:22:15","guid":{"rendered":"https:\/\/simoreno.se\/?post_type=product&#038;p=11700"},"modified":"2023-03-14T19:37:09","modified_gmt":"2023-03-14T18:37:09","slug":"djuprengorande","status":"publish","type":"product","link":"https:\/\/simoreno.se\/sv\/product\/djuprengorande\/","title":{"rendered":"Djupreng\u00f6rande Kroppsbehandling"},"content":{"rendered":"<p><strong>Djupreng\u00f6rande Kroppsbehandling\u00a0 45 min\u00a0<\/strong><\/p>\n<p>En djupreng\u00f6rande kroppsbehandling kan hj\u00e4lpa till att f\u00f6rb\u00e4ttra hudtonen, \u00f6ka elasticiteten i huden och reducera synliga tecken p\u00e5 \u00e5ldrande. Dessutom kan denna behandling \u00f6ka cirkulationen i kroppen och f\u00f6rb\u00e4ttra din allm\u00e4nna h\u00e4lsa och v\u00e4lbefinnande.<\/p>\n<p>Din kropp, fr\u00e5n nacken och ner, poleras, vi tar bort torr, matt hud och tar fram den mjuka nya huden som finns under, applicerar en special exfoliering, duschar av d\u00f6da hudceller, applicerar en n\u00e4ringsrik mask, din kropp \u00e5terfuktas med oljor och lotion.<\/p>\n<p>Att t\u00e4nka p\u00e5 efter din behandling:<\/p>\n<ul>\n<li>Drick mycket vatten under de kommande 48 timmarna<\/li>\n<li>\u00c5t g\u00e4rna r\u00e5 frukt och gr\u00f6nsaker<\/li>\n<li>Undvik alkohol, koffein och kolsyrade drycker under 24 timmar efter behandlingen<\/li>\n<li>Undvik att bada\/duscha i 12 timmar, f\u00f6r att produkterna ska f\u00e5 verka<\/li>\n<li>Vi rekommenderar att du anv\u00e4nder en special kr\u00e4m f\u00f6r din huds behov<\/li>\n<\/ul>\n","protected":false},"excerpt":{"rendered":"<p>En djupreng\u00f6rande kroppsbehandling kan hj\u00e4lpa till att f\u00f6rb\u00e4ttra hudtonen, \u00f6ka elasticiteten i huden och reducera synliga tecken p\u00e5 \u00e5ldrande. Dessutom kan denna behandling \u00f6ka cirkulationen i kroppen och f\u00f6rb\u00e4ttra din allm\u00e4nna h\u00e4lsa och v\u00e4lbefinnande.<\/p>\n","protected":false},"featured_media":11601,"comment_status":"open","ping_status":"closed","template":"","meta":[],"product_cat":[528],"product_tag":[],"class_list":["post-11700","product","type-product","status-publish","has-post-thumbnail","hentry","product_cat-ekologisk-kroppsbehandling"],"acf":[],"_links":{"self":[{"href":"https:\/\/simoreno.se\/sv\/wp-json\/wp\/v2\/product\/11700","targetHints":{"allow":["GET"]}}],"collection":[{"href":"https:\/\/simoreno.se\/sv\/wp-json\/wp\/v2\/product"}],"about":[{"href":"https:\/\/simoreno.se\/sv\/wp-json\/wp\/v2\/types\/product"}],"replies":[{"embeddable":true,"href":"https:\/\/simoreno.se\/sv\/wp-json\/wp\/v2\/comments?post=11700"}],"version-history":[{"count":0,"href":"https:\/\/simoreno.se\/sv\/wp-json\/wp\/v2\/product\/11700\/revisions"}],"wp:featuredmedia":[{"embeddable":true,"href":"https:\/\/simoreno.se\/sv\/wp-json\/wp\/v2\/media\/11601"}],"wp:attachment":[{"href":"https:\/\/simoreno.se\/sv\/wp-json\/wp\/v2\/media?parent=11700"}],"wp:term":[{"taxonomy":"product_cat","embeddable":true,"href":"https:\/\/simoreno.se\/sv\/wp-json\/wp\/v2\/product_cat?post=11700"},{"taxonomy":"product_tag","embeddable":true,"href":"https:\/\/simoreno.se\/sv\/wp-json\/wp\/v2\/product_tag?post=11700"}],"curies":[{"name":"wp","href":"https:\/\/api.w.org\/{rel}","templated":true}]}}