{"id":11714,"date":"2022-09-06T15:45:54","date_gmt":"2022-09-06T13:45:54","guid":{"rendered":"https:\/\/simoreno.se\/?post_type=product&#038;p=11714"},"modified":"2023-02-18T13:52:43","modified_gmt":"2023-02-18T12:52:43","slug":"ogonbrynstradning","status":"publish","type":"product","link":"https:\/\/simoreno.se\/sv\/product\/ogonbrynstradning\/","title":{"rendered":"Tr\u00e5dning \u00f6gonbryn"},"content":{"rendered":"<p><strong>Plockning &amp; tr\u00e5dning<\/strong><\/p>\n<p>Ett s\u00e4kert, snabbt och prisv\u00e4nligt alternativ f\u00f6r att h\u00e5lla \u00f6gonbrynen i perfekt form och ansiktet fritt fr\u00e5n o\u00f6nskad h\u00e5rv\u00e4xt.<\/p>\n<ul>\n<li><strong>Tr\u00e5dning \u00f6gonbryn \u00a0 \u00a0 20min\u00a0\u00a0<\/strong><\/li>\n<\/ul>\n<p>Att t\u00e4nka p\u00e5 innan din behandling:<\/p>\n<ul>\n<li>L\u00e5t h\u00e5ret v\u00e4xa 1 &#8211; 2 veckor innan din behandling f\u00f6r en sm\u00e4rtfri behandling och b\u00e4st resultat<\/li>\n<li>Kom osminkad till din behandling<\/li>\n<\/ul>\n<p>Att t\u00e4nka p\u00e5 efter din behandling<\/p>\n<ul>\n<li>Avst\u00e5 fr\u00e5n gym, bastu och \u00e5ngbastu minst 48 timmar efter din behandling<\/li>\n<li>V\u00e4nta 72 timmar med peeling och exfoliering, p\u00e5 behandlat omr\u00e5de<\/li>\n<\/ul>\n","protected":false},"excerpt":{"rendered":"<p><strong>Plockning &amp; tr\u00e5dning: <\/strong>Ett s\u00e4kert, snabbt och prisv\u00e4nligt alternativ f\u00f6r att h\u00e5lla \u00f6gonbrynen i perfekt form och ansiktet fritt fr\u00e5n o\u00f6nskad h\u00e5rv\u00e4xt.<\/p>\n","protected":false},"featured_media":11575,"comment_status":"open","ping_status":"closed","template":"","meta":[],"product_cat":[529],"product_tag":[],"class_list":["post-11714","product","type-product","status-publish","has-post-thumbnail","hentry","product_cat-formning-och-tradning"],"acf":[],"_links":{"self":[{"href":"https:\/\/simoreno.se\/sv\/wp-json\/wp\/v2\/product\/11714","targetHints":{"allow":["GET"]}}],"collection":[{"href":"https:\/\/simoreno.se\/sv\/wp-json\/wp\/v2\/product"}],"about":[{"href":"https:\/\/simoreno.se\/sv\/wp-json\/wp\/v2\/types\/product"}],"replies":[{"embeddable":true,"href":"https:\/\/simoreno.se\/sv\/wp-json\/wp\/v2\/comments?post=11714"}],"version-history":[{"count":0,"href":"https:\/\/simoreno.se\/sv\/wp-json\/wp\/v2\/product\/11714\/revisions"}],"wp:featuredmedia":[{"embeddable":true,"href":"https:\/\/simoreno.se\/sv\/wp-json\/wp\/v2\/media\/11575"}],"wp:attachment":[{"href":"https:\/\/simoreno.se\/sv\/wp-json\/wp\/v2\/media?parent=11714"}],"wp:term":[{"taxonomy":"product_cat","embeddable":true,"href":"https:\/\/simoreno.se\/sv\/wp-json\/wp\/v2\/product_cat?post=11714"},{"taxonomy":"product_tag","embeddable":true,"href":"https:\/\/simoreno.se\/sv\/wp-json\/wp\/v2\/product_tag?post=11714"}],"curies":[{"name":"wp","href":"https:\/\/api.w.org\/{rel}","templated":true}]}}