{"id":11724,"date":"2022-09-06T15:59:25","date_gmt":"2022-09-06T13:59:26","guid":{"rendered":"https:\/\/simoreno.se\/?post_type=product&#038;p=11724"},"modified":"2023-02-27T16:21:59","modified_gmt":"2023-02-27T15:21:59","slug":"express-manikyr","status":"publish","type":"product","link":"https:\/\/simoreno.se\/sv\/product\/express-manikyr\/","title":{"rendered":"Express Manikyr\u00a0"},"content":{"rendered":"<p><strong>Express Manikyr\u00a0\u00a0\u00a0\u00a0\u00a0\u00a0\u00a0\u00a0\u00a0\u00a0\u00a0\u00a0\u00a0\u00a0\u00a0\u00a0\u00a0\u00a0\u00a0 15min\u00a0\u00a0<\/strong><\/p>\n<p>Formning och filning av naglar, avslutas med puts eller ditt val av nagellack.<\/p>\n<p>Efterv\u00e5rd<\/p>\n<ul>\n<li>L\u00e5t naglarna torka ordentligt efter behandlingen<\/li>\n<li>B\u00e4r gummihandskar vid tr\u00e4dg\u00e5rds och hush\u00e5llsarbete<\/li>\n<li>Torka h\u00e4nderna noggrant n\u00e4r du tv\u00e4ttat dem<\/li>\n<li>Anv\u00e4nd handkr\u00e4m regelbundet<\/li>\n<li>Vid m\u00e5lning av naglar, anv\u00e4nd g\u00e4rna ett baslack, och \u00e4ven ett topplack f\u00f6r b\u00e4sta resultat<\/li>\n<li>H\u00e5ll naglarna i en lagom l\u00e5ng l\u00e4ngd<\/li>\n<li>Boka \u00e5terkommande bes\u00f6k hos din manikyrist f\u00f6r professionell v\u00e5rd med 2 &#8211; 4 veckors mellanrum i ca 3m\u00e5n.<\/li>\n<\/ul>\n","protected":false},"excerpt":{"rendered":"<p>Formning och filning av naglar, avslutas med puts eller ditt val av nagellack.<\/p>\n","protected":false},"featured_media":11565,"comment_status":"open","ping_status":"closed","template":"","meta":[],"product_cat":[531],"product_tag":[],"class_list":["post-11724","product","type-product","status-publish","has-post-thumbnail","hentry","product_cat-7-gratis-nagelvard"],"acf":[],"_links":{"self":[{"href":"https:\/\/simoreno.se\/sv\/wp-json\/wp\/v2\/product\/11724","targetHints":{"allow":["GET"]}}],"collection":[{"href":"https:\/\/simoreno.se\/sv\/wp-json\/wp\/v2\/product"}],"about":[{"href":"https:\/\/simoreno.se\/sv\/wp-json\/wp\/v2\/types\/product"}],"replies":[{"embeddable":true,"href":"https:\/\/simoreno.se\/sv\/wp-json\/wp\/v2\/comments?post=11724"}],"version-history":[{"count":0,"href":"https:\/\/simoreno.se\/sv\/wp-json\/wp\/v2\/product\/11724\/revisions"}],"wp:featuredmedia":[{"embeddable":true,"href":"https:\/\/simoreno.se\/sv\/wp-json\/wp\/v2\/media\/11565"}],"wp:attachment":[{"href":"https:\/\/simoreno.se\/sv\/wp-json\/wp\/v2\/media?parent=11724"}],"wp:term":[{"taxonomy":"product_cat","embeddable":true,"href":"https:\/\/simoreno.se\/sv\/wp-json\/wp\/v2\/product_cat?post=11724"},{"taxonomy":"product_tag","embeddable":true,"href":"https:\/\/simoreno.se\/sv\/wp-json\/wp\/v2\/product_tag?post=11724"}],"curies":[{"name":"wp","href":"https:\/\/api.w.org\/{rel}","templated":true}]}}