{"id":11730,"date":"2022-09-06T16:05:47","date_gmt":"2022-09-06T14:05:48","guid":{"rendered":"https:\/\/simoreno.se\/?post_type=product&#038;p=11730"},"modified":"2023-02-27T16:29:17","modified_gmt":"2023-02-27T15:29:17","slug":"express-pedikyr","status":"publish","type":"product","link":"https:\/\/simoreno.se\/sv\/product\/express-pedikyr\/","title":{"rendered":"Express Pedikyr"},"content":{"rendered":"<p><strong>Express Pedikyr\u00a0\u00a0\u00a0\u00a0\u00a0\u00a0\u00a0\u00a0\u00a0\u00a0\u00a0\u00a0\u00a0\u00a0\u00a0\u00a0\u00a0\u00a0\u00a0\u00a0\u00a0 20min\u00a0<\/strong><\/p>\n<p>Perfekt f\u00f6r dig som har kort om tid men vill ha fina f\u00f6tter.<\/p>\n<p>Formning och filning av naglar, avslutas med puts eller nagellack.<\/p>\n<p>Efterv\u00e5rd<\/p>\n<ul>\n<li>Torka f\u00f6tterna noga efter behandling, var extra noga mellan t\u00e5rna<\/li>\n<li>Sm\u00f6rj in f\u00f6tterna dagligen f\u00f6r att h\u00e5lla dem smidiga och mjuka<\/li>\n<li>Anv\u00e4nd g\u00e4rna Si Morenos Foot Hydrating Volumizer lotion f\u00f6r att h\u00e5lla dina f\u00f6tter mjuka och din pedikyr fin, l\u00e4ngre.<\/li>\n<\/ul>\n","protected":false},"excerpt":{"rendered":"<p>Perfekt f\u00f6r dig som har kort om tid men vill ha fina f\u00f6tter.<\/p>\n<p>Formning och filning av naglar, avslutas med puts eller nagellack.<\/p>\n<p>&nbsp;<\/p>\n","protected":false},"featured_media":11567,"comment_status":"open","ping_status":"closed","template":"","meta":[],"product_cat":[531],"product_tag":[],"class_list":["post-11730","product","type-product","status-publish","has-post-thumbnail","hentry","product_cat-7-gratis-nagelvard"],"acf":[],"_links":{"self":[{"href":"https:\/\/simoreno.se\/sv\/wp-json\/wp\/v2\/product\/11730","targetHints":{"allow":["GET"]}}],"collection":[{"href":"https:\/\/simoreno.se\/sv\/wp-json\/wp\/v2\/product"}],"about":[{"href":"https:\/\/simoreno.se\/sv\/wp-json\/wp\/v2\/types\/product"}],"replies":[{"embeddable":true,"href":"https:\/\/simoreno.se\/sv\/wp-json\/wp\/v2\/comments?post=11730"}],"version-history":[{"count":0,"href":"https:\/\/simoreno.se\/sv\/wp-json\/wp\/v2\/product\/11730\/revisions"}],"wp:featuredmedia":[{"embeddable":true,"href":"https:\/\/simoreno.se\/sv\/wp-json\/wp\/v2\/media\/11567"}],"wp:attachment":[{"href":"https:\/\/simoreno.se\/sv\/wp-json\/wp\/v2\/media?parent=11730"}],"wp:term":[{"taxonomy":"product_cat","embeddable":true,"href":"https:\/\/simoreno.se\/sv\/wp-json\/wp\/v2\/product_cat?post=11730"},{"taxonomy":"product_tag","embeddable":true,"href":"https:\/\/simoreno.se\/sv\/wp-json\/wp\/v2\/product_tag?post=11730"}],"curies":[{"name":"wp","href":"https:\/\/api.w.org\/{rel}","templated":true}]}}