{"id":11732,"date":"2022-09-06T16:07:16","date_gmt":"2022-09-06T14:07:16","guid":{"rendered":"https:\/\/simoreno.se\/?post_type=product&#038;p=11732"},"modified":"2023-02-27T16:33:56","modified_gmt":"2023-02-27T15:33:56","slug":"pedikyr","status":"publish","type":"product","link":"https:\/\/simoreno.se\/sv\/product\/pedikyr\/","title":{"rendered":"Klassisk Pedikyr"},"content":{"rendered":"<p><strong>Klassisk Pedikyr\u00a0\u00a0\u00a0\u00a0\u00a0\u00a0\u00a0\u00a0\u00a0\u00a0\u00a0\u00a0\u00a0\u00a0\u00a0\u00a0\u00a0\u00a0\u00a0\u00a0 40min\u00a0\u00a0<\/strong><\/p>\n<p>Avkopplande fotbad, filning av f\u00f6rh\u00e5rdnader, nagelbandsv\u00e5rd, formning och filning av naglar, avslutas med ditt val av nagellack.<\/p>\n<p>Efterv\u00e5rd<\/p>\n<ul>\n<li>Torka f\u00f6tterna noga efter behandling, var extra noga mellan t\u00e5rna<\/li>\n<li>Sm\u00f6rj in f\u00f6tterna dagligen f\u00f6r att h\u00e5lla dem smidiga och mjuka<\/li>\n<li>Anv\u00e4nd g\u00e4rna Si Morenos Foot Hydrating Volumizer lotion f\u00f6r att h\u00e5lla dina f\u00f6tter mjuka och din pedikyr fin, l\u00e4ngre.<\/li>\n<\/ul>\n","protected":false},"excerpt":{"rendered":"<p>Avkopplande fotbad, filning av f\u00f6rh\u00e5rdnader, nagelbandsv\u00e5rd, formning och filning av naglar, avslutas med ditt val av nagellack.<\/p>\n","protected":false},"featured_media":11605,"comment_status":"open","ping_status":"closed","template":"","meta":[],"product_cat":[531],"product_tag":[],"class_list":["post-11732","product","type-product","status-publish","has-post-thumbnail","hentry","product_cat-7-gratis-nagelvard"],"acf":[],"_links":{"self":[{"href":"https:\/\/simoreno.se\/sv\/wp-json\/wp\/v2\/product\/11732","targetHints":{"allow":["GET"]}}],"collection":[{"href":"https:\/\/simoreno.se\/sv\/wp-json\/wp\/v2\/product"}],"about":[{"href":"https:\/\/simoreno.se\/sv\/wp-json\/wp\/v2\/types\/product"}],"replies":[{"embeddable":true,"href":"https:\/\/simoreno.se\/sv\/wp-json\/wp\/v2\/comments?post=11732"}],"version-history":[{"count":0,"href":"https:\/\/simoreno.se\/sv\/wp-json\/wp\/v2\/product\/11732\/revisions"}],"wp:featuredmedia":[{"embeddable":true,"href":"https:\/\/simoreno.se\/sv\/wp-json\/wp\/v2\/media\/11605"}],"wp:attachment":[{"href":"https:\/\/simoreno.se\/sv\/wp-json\/wp\/v2\/media?parent=11732"}],"wp:term":[{"taxonomy":"product_cat","embeddable":true,"href":"https:\/\/simoreno.se\/sv\/wp-json\/wp\/v2\/product_cat?post=11732"},{"taxonomy":"product_tag","embeddable":true,"href":"https:\/\/simoreno.se\/sv\/wp-json\/wp\/v2\/product_tag?post=11732"}],"curies":[{"name":"wp","href":"https:\/\/api.w.org\/{rel}","templated":true}]}}