{"id":11738,"date":"2022-09-06T16:37:53","date_gmt":"2022-09-06T14:37:54","guid":{"rendered":"https:\/\/simoreno.se\/?post_type=product&#038;p=11738"},"modified":"2023-02-27T16:09:25","modified_gmt":"2023-02-27T15:09:25","slug":"smink","status":"publish","type":"product","link":"https:\/\/simoreno.se\/sv\/product\/smink\/","title":{"rendered":"Makeup"},"content":{"rendered":"<p><strong>Makeup\u00a0\u00a0\u00a0\u00a0\u00a0\u00a0\u00a0\u00a0\u00a0\u00a0\u00a0\u00a0\u00a0\u00a0\u00a0\u00a0\u00a0\u00a0\u00a0\u00a0\u00a0 45min\u00a0\u00a0<\/strong><\/p>\n<p>F\u00e5 din makeup gjord av en professionell make-up artist.<\/p>\n<p>Perfekt b\u00e5de till vardag och fest.<\/p>\n<p>&nbsp;<\/p>\n<p>Innan din behandling<\/p>\n<ul>\n<li>Tv\u00e4tta ansiktet<\/li>\n<li>Anv\u00e4nd din dagkr\u00e4m och en solskyddskr\u00e4m<\/li>\n<li>S\u00e4tt i dina kontaktlinser (om du b\u00e4r s\u00e5dana)<\/li>\n<li>Borsta t\u00e4nderna<\/li>\n<li>Vi rekommenderar att du anv\u00e4nder ett l\u00f6sare plagg som du l\u00e4tt kan ta av dig utan att det r\u00f6r vid ditt ansikte<\/li>\n<\/ul>\n<p>&nbsp;<\/p>\n<p>R\u00e5d inf\u00f6r din behandling<\/p>\n<ul>\n<li>Vi r\u00e5der dig att inte g\u00f6ra n\u00e5gon slags kemisk peeling 2v innan din behandling<\/li>\n<li>Informera din make-up artist om eventuella allergier och hudk\u00e4nslighet<\/li>\n<\/ul>\n","protected":false},"excerpt":{"rendered":"<p>F\u00e5 din makeup gjord av en professionell make-up artist.<\/p>\n<p>Perfekt b\u00e5de till vardag och fest.<\/p>\n","protected":false},"featured_media":11937,"comment_status":"open","ping_status":"closed","template":"","meta":[],"product_cat":[532],"product_tag":[],"class_list":["post-11738","product","type-product","status-publish","has-post-thumbnail","hentry","product_cat-makeup-si-moreno-tjanster"],"acf":[],"_links":{"self":[{"href":"https:\/\/simoreno.se\/sv\/wp-json\/wp\/v2\/product\/11738","targetHints":{"allow":["GET"]}}],"collection":[{"href":"https:\/\/simoreno.se\/sv\/wp-json\/wp\/v2\/product"}],"about":[{"href":"https:\/\/simoreno.se\/sv\/wp-json\/wp\/v2\/types\/product"}],"replies":[{"embeddable":true,"href":"https:\/\/simoreno.se\/sv\/wp-json\/wp\/v2\/comments?post=11738"}],"version-history":[{"count":0,"href":"https:\/\/simoreno.se\/sv\/wp-json\/wp\/v2\/product\/11738\/revisions"}],"wp:featuredmedia":[{"embeddable":true,"href":"https:\/\/simoreno.se\/sv\/wp-json\/wp\/v2\/media\/11937"}],"wp:attachment":[{"href":"https:\/\/simoreno.se\/sv\/wp-json\/wp\/v2\/media?parent=11738"}],"wp:term":[{"taxonomy":"product_cat","embeddable":true,"href":"https:\/\/simoreno.se\/sv\/wp-json\/wp\/v2\/product_cat?post=11738"},{"taxonomy":"product_tag","embeddable":true,"href":"https:\/\/simoreno.se\/sv\/wp-json\/wp\/v2\/product_tag?post=11738"}],"curies":[{"name":"wp","href":"https:\/\/api.w.org\/{rel}","templated":true}]}}