{"id":11742,"date":"2022-09-06T16:41:53","date_gmt":"2022-09-06T14:41:54","guid":{"rendered":"https:\/\/simoreno.se\/?post_type=product&#038;p=11742"},"modified":"2023-02-27T16:18:19","modified_gmt":"2023-02-27T15:18:19","slug":"brudpaket","status":"publish","type":"product","link":"https:\/\/simoreno.se\/sv\/product\/brudpaket\/","title":{"rendered":"Brud Makeup Paketet\u00a0"},"content":{"rendered":"<p><strong>Brud Makeup paketet\u00a0 \u00a0 \u00a0 \u00a0 \u00a0 \u00a0 \u00a0 \u00a0 \u00a0 \u00a0 \u00a0 \u00a0 \u00a0 \u00a0 \u00a0 \u00a0 \u00a0 \u00a0<\/strong><\/p>\n<p>L\u00e5t oss ta hand om dig och f\u00e5 dig att m\u00e5 extra bra, p\u00e5 din speciella dag.<\/p>\n<p>I paketet ing\u00e5r:<\/p>\n<ul>\n<li>En avkopplande och sk\u00f6n ansiktsbehandling<\/li>\n<li>\u00d6gonbryns formning och Lash lift<\/li>\n<li>L\u00f6s \u00f6gonfransar f\u00f6r att rama in och dra uppm\u00e4rksamheten till dina \u00f6gon<\/li>\n<li>Makeup, enligt dina \u00f6nskem\u00e5l, lagd av v\u00e5r make-up artist, perfekt f\u00f6r fotografering.<\/li>\n<\/ul>\n<p>F\u00f6lj dessa steg inf\u00f6r din behandling<\/p>\n<ul>\n<li>Kom som du \u00e4r<\/li>\n<li>S\u00e4tt i dina kontaktlinser (om du b\u00e4r s\u00e5na)<\/li>\n<li>Borsta t\u00e4nderna<\/li>\n<li>Vi rekommenderar att du anv\u00e4nder ett l\u00f6sare plagg som du l\u00e4tt kan ta av dig utan att det r\u00f6r vid ditt ansikte<\/li>\n<\/ul>\n<p>R\u00e5d inf\u00f6r din behandling<\/p>\n<ul>\n<li>Vi r\u00e5der dig att inte g\u00f6ra n\u00e5gon slags kemisk peeling 2v innan din behandling<\/li>\n<li>Informera din make-up artist om eventuella allergier och hudk\u00e4nslighet<\/li>\n<\/ul>\n","protected":false},"excerpt":{"rendered":"<p>L\u00e5t oss ta hand om dig och f\u00e5 dig att m\u00e5 extra bra, p\u00e5 din speciella dag.<\/p>\n","protected":false},"featured_media":11905,"comment_status":"open","ping_status":"closed","template":"","meta":[],"product_cat":[532],"product_tag":[],"class_list":["post-11742","product","type-product","status-publish","has-post-thumbnail","hentry","product_cat-makeup-si-moreno-tjanster"],"acf":[],"_links":{"self":[{"href":"https:\/\/simoreno.se\/sv\/wp-json\/wp\/v2\/product\/11742","targetHints":{"allow":["GET"]}}],"collection":[{"href":"https:\/\/simoreno.se\/sv\/wp-json\/wp\/v2\/product"}],"about":[{"href":"https:\/\/simoreno.se\/sv\/wp-json\/wp\/v2\/types\/product"}],"replies":[{"embeddable":true,"href":"https:\/\/simoreno.se\/sv\/wp-json\/wp\/v2\/comments?post=11742"}],"version-history":[{"count":0,"href":"https:\/\/simoreno.se\/sv\/wp-json\/wp\/v2\/product\/11742\/revisions"}],"wp:featuredmedia":[{"embeddable":true,"href":"https:\/\/simoreno.se\/sv\/wp-json\/wp\/v2\/media\/11905"}],"wp:attachment":[{"href":"https:\/\/simoreno.se\/sv\/wp-json\/wp\/v2\/media?parent=11742"}],"wp:term":[{"taxonomy":"product_cat","embeddable":true,"href":"https:\/\/simoreno.se\/sv\/wp-json\/wp\/v2\/product_cat?post=11742"},{"taxonomy":"product_tag","embeddable":true,"href":"https:\/\/simoreno.se\/sv\/wp-json\/wp\/v2\/product_tag?post=11742"}],"curies":[{"name":"wp","href":"https:\/\/api.w.org\/{rel}","templated":true}]}}