{"id":11748,"date":"2022-09-06T16:48:16","date_gmt":"2022-09-06T14:48:16","guid":{"rendered":"https:\/\/simoreno.se\/?post_type=product&#038;p=11748"},"modified":"2023-02-27T16:45:19","modified_gmt":"2023-02-27T15:45:19","slug":"ogonbrynslyftning","status":"publish","type":"product","link":"https:\/\/simoreno.se\/sv\/product\/ogonbrynslyftning\/","title":{"rendered":"Brow Lamination (Brow Lift)"},"content":{"rendered":"<p><strong>Brow Lamination (Brow Lift) 50min\u00a0\u00a0<\/strong><\/p>\n<p>Dina naturliga bryn borstas upp och permanentas, perfekt f\u00f6r dig som vill f\u00e5 en mer fyllig, j\u00e4mnare, \u201dbrushed up\u201d look. H\u00e5ller ca 4-8v<\/p>\n<p>Behandling:<\/p>\n<p>Reng\u00f6ring av bryn, lyftnings lotion appliceras, borstning av bryn till \u00f6nskad vertikal form, settnings lotion, avslutas med en n\u00e4rande olja.<\/p>\n<p>Behandling avr\u00e5ds om du har:<\/p>\n<ul>\n<li>K\u00e4nslig hud<\/li>\n<li>Rosacea<\/li>\n<li>Eksem<\/li>\n<li>Tidigare haft kontakteksem(kontaktdermatit)<\/li>\n<\/ul>\n<p>Att t\u00e4nka p\u00e5 efter din behandling:<\/p>\n<ul>\n<li>Var f\u00f6rsiktig med omr\u00e5det runt dina \u00f6gonbryn, f\u00f6rs\u00f6k att inte r\u00f6ra eller gnugga dina bryn de f\u00f6rsta 24 timmarna<\/li>\n<li>Undvik all typ av fukt (vatten\/\u00e5nga\/svett\/smink) i 24 timmar<\/li>\n<li>Undvik direkt solljus, bastu, bad, \u00e5ngbastu i 48 timmar<\/li>\n<\/ul>\n","protected":false},"excerpt":{"rendered":"<p>Dina naturliga bryn borstas upp och permanentas, perfekt f\u00f6r dig som vill f\u00e5 en mer fyllig, j\u00e4mnare, \u201dbrushed up\u201d look. H\u00e5ller ca 4-8v<\/p>\n","protected":false},"featured_media":11569,"comment_status":"open","ping_status":"closed","template":"","meta":[],"product_cat":[533],"product_tag":[],"class_list":["post-11748","product","type-product","status-publish","has-post-thumbnail","hentry","product_cat-fransar-och-ogonbryn"],"acf":[],"_links":{"self":[{"href":"https:\/\/simoreno.se\/sv\/wp-json\/wp\/v2\/product\/11748","targetHints":{"allow":["GET"]}}],"collection":[{"href":"https:\/\/simoreno.se\/sv\/wp-json\/wp\/v2\/product"}],"about":[{"href":"https:\/\/simoreno.se\/sv\/wp-json\/wp\/v2\/types\/product"}],"replies":[{"embeddable":true,"href":"https:\/\/simoreno.se\/sv\/wp-json\/wp\/v2\/comments?post=11748"}],"version-history":[{"count":0,"href":"https:\/\/simoreno.se\/sv\/wp-json\/wp\/v2\/product\/11748\/revisions"}],"wp:featuredmedia":[{"embeddable":true,"href":"https:\/\/simoreno.se\/sv\/wp-json\/wp\/v2\/media\/11569"}],"wp:attachment":[{"href":"https:\/\/simoreno.se\/sv\/wp-json\/wp\/v2\/media?parent=11748"}],"wp:term":[{"taxonomy":"product_cat","embeddable":true,"href":"https:\/\/simoreno.se\/sv\/wp-json\/wp\/v2\/product_cat?post=11748"},{"taxonomy":"product_tag","embeddable":true,"href":"https:\/\/simoreno.se\/sv\/wp-json\/wp\/v2\/product_tag?post=11748"}],"curies":[{"name":"wp","href":"https:\/\/api.w.org\/{rel}","templated":true}]}}