{"id":11762,"date":"2022-09-06T17:22:40","date_gmt":"2022-09-06T15:22:41","guid":{"rendered":"https:\/\/simoreno.se\/?post_type=product&#038;p=11762"},"modified":"2023-02-10T15:48:55","modified_gmt":"2023-02-10T14:48:55","slug":"akne-djuprengorande","status":"publish","type":"product","link":"https:\/\/simoreno.se\/sv\/product\/akne-djuprengorande\/","title":{"rendered":"Djupreng\u00f6rande Aknebehandling"},"content":{"rendered":"<p><strong>Djupreng\u00f6rande Aknebehandling\u00a0\u00a0\u00a0\u00a0\u00a0\u00a0\u00a0\u00a0\u00a0\u00a0\u00a0\u00a0\u00a0\u00a0\u00a0\u00a0\u00a0\u00a0\u00a0\u00a0\u00a0\u00a0\u00a0\u00a0\u00a0\u00a0\u00a0\u00a0\u00a0\u00a0\u00a0\u00a0\u00a0\u00a0\u00a0\u00a0\u00a0 70min\u00a0 \u00a0 \u00a0 \u00a0 \u00a0 \u00a0 \u00a0 \u00a0 \u00a0 \u00a0 \u00a0 \u00a0 \u00a0 \u00a0\u00a0<\/strong><\/p>\n<p>Ett utm\u00e4rkt val f\u00f6r dig som lider av acne, pormaskar och fet hud. Behandlingen f\u00f6rhindrar ih\u00e5llande akneutbrott orsakade av hormonella f\u00f6r\u00e4ndringar, du f\u00e5r en professionell peeling och port\u00f6mning som ger en ren hud och en f\u00f6rb\u00e4ttrad sj\u00e4lvk\u00e4nsla med omedelbara resultat. Vi anv\u00e4nder kvalitativa, resultatinriktade produkter fr\u00e5n Si Moreno som \u00e4r naturliga, ekologiska och h\u00f6gteknologiska.<\/p>\n<p>I denna behandling ing\u00e5r hudanalys, reng\u00f6ring, en toner f\u00f6r k\u00e4nslig hud, en peeling som tar bort orenheter och d\u00f6d hud, port\u00f6mning av \u201dblack-heads\u201d och \u201dwhite-heads\u201d, en porf\u00f6rminskande mask som lugnar huden, behandlingen avslutas med en n\u00e4rande ansiktsmassage som tills\u00e4tter extra fukt, fri fr\u00e5n olja. Din hudterapeut ger dig r\u00e5d om din kosth\u00e5llning och rekommendationer av produkter som kan anv\u00e4ndas mellan behandlingarna.<\/p>\n<p>Denna behandling \u00e4r djupt reng\u00f6rande, minskar oljeproduktion och inflammation i huden, minskar irritation, d\u00f6dar bakterier som orsakar acne och f\u00f6rb\u00e4ttrar hudens \u00e5ter fuktning.<\/p>\n<p>Se g\u00e4rna v\u00e5ra f\u00f6re och efter bilder.<\/p>\n<p>Att t\u00e4nka p\u00e5 innan din behandling:<\/p>\n<ul>\n<li>Upph\u00f6r anv\u00e4ndning av all slags kemisk peeling 3 dagar innan din behandling<\/li>\n<li>Avst\u00e5 fr\u00e5n att anv\u00e4nda produkter p\u00e5 din hud samma morgon<\/li>\n<li>Kom g\u00e4rna osminkad<\/li>\n<li>Du ka bli ombedd att ta ut dina kontaktlinser om du b\u00e4r s\u00e5dan<\/li>\n<\/ul>\n<p>Att t\u00e4nka p\u00e5 efter din behandling:<\/p>\n<ul>\n<li>Avst\u00e5 fr\u00e5n att tv\u00e4tta ansiktet p\u00e5 kv\u00e4llen samma dag du f\u00e5tt behandling<\/li>\n<li>Undvik g\u00e4rna smink f\u00f6rsta dagen<\/li>\n<li>Avst\u00e5 fr\u00e5n peeling i n\u00e5gra dagar efter behandlingen<\/li>\n<li>Drick mycket vatten<\/li>\n<li>Undvik solen om m\u00f6jligt och anv\u00e4nd SPF<\/li>\n<li>Anv\u00e4nd en mild ansiktsreng\u00f6ring.<\/li>\n<li>Anv\u00e4nd en hudv\u00e5rds rutin speciellt f\u00f6r din hud som behandlar acne.<\/li>\n<\/ul>\n<p>Anv\u00e4nd g\u00e4rna makeup med naturliga ingredienser<\/p>\n","protected":false},"excerpt":{"rendered":"<p><strong>Djupreng\u00f6rande Aknebehandling\u00a0 <\/strong>Ett utm\u00e4rkt val f\u00f6r dig som lider av acne, pormaskar och fet hud. Behandlingen f\u00f6rhindrar ih\u00e5llande akneutbrott orsakade av hormonella f\u00f6r\u00e4ndringar, du f\u00e5r en professionell peeling och port\u00f6mning som ger en ren hud och en f\u00f6rb\u00e4ttrad sj\u00e4lvk\u00e4nsla med omedelbara resultat.<\/p>\n","protected":false},"featured_media":11615,"comment_status":"open","ping_status":"closed","template":"","meta":[],"product_cat":[535],"product_tag":[],"class_list":["post-11762","product","type-product","status-publish","has-post-thumbnail","hentry","product_cat-ekologiska-hudvardande-ansiktsbehandlingar"],"acf":[],"_links":{"self":[{"href":"https:\/\/simoreno.se\/sv\/wp-json\/wp\/v2\/product\/11762","targetHints":{"allow":["GET"]}}],"collection":[{"href":"https:\/\/simoreno.se\/sv\/wp-json\/wp\/v2\/product"}],"about":[{"href":"https:\/\/simoreno.se\/sv\/wp-json\/wp\/v2\/types\/product"}],"replies":[{"embeddable":true,"href":"https:\/\/simoreno.se\/sv\/wp-json\/wp\/v2\/comments?post=11762"}],"version-history":[{"count":0,"href":"https:\/\/simoreno.se\/sv\/wp-json\/wp\/v2\/product\/11762\/revisions"}],"wp:featuredmedia":[{"embeddable":true,"href":"https:\/\/simoreno.se\/sv\/wp-json\/wp\/v2\/media\/11615"}],"wp:attachment":[{"href":"https:\/\/simoreno.se\/sv\/wp-json\/wp\/v2\/media?parent=11762"}],"wp:term":[{"taxonomy":"product_cat","embeddable":true,"href":"https:\/\/simoreno.se\/sv\/wp-json\/wp\/v2\/product_cat?post=11762"},{"taxonomy":"product_tag","embeddable":true,"href":"https:\/\/simoreno.se\/sv\/wp-json\/wp\/v2\/product_tag?post=11762"}],"curies":[{"name":"wp","href":"https:\/\/api.w.org\/{rel}","templated":true}]}}