{"id":11764,"date":"2022-09-06T17:25:14","date_gmt":"2022-09-06T15:25:14","guid":{"rendered":"https:\/\/simoreno.se\/?post_type=product&#038;p=11764"},"modified":"2023-02-10T16:00:20","modified_gmt":"2023-02-10T15:00:20","slug":"anti-aging-1st-stage-classic-facial","status":"publish","type":"product","link":"https:\/\/simoreno.se\/sv\/product\/anti-aging-1st-stage-classic-facial\/","title":{"rendered":"Prolong Youth Anti-aging Ansiktsbehandling\u00a0"},"content":{"rendered":"<p><strong>Prolong Youth Anti-aging Ansiktsbehandling\u00a0\u00a0\u00a0\u00a0\u00a0\u00a0\u00a0\u00a0\u00a0\u00a0\u00a0\u00a0\u00a0\u00a0\u00a0 45min\u00a0 \u00a0 \u00a0 \u00a0 \u00a0 \u00a0 \u00a0 \u00a0 \u00a0 \u00a0 \u00a0 \u00a0 \u00a0 \u00a0<\/strong><\/p>\n<p>N\u00e4r du blir \u00e4ldre f\u00f6rs\u00e4mras hudens l\u00e4kningsf\u00f6rm\u00e5ga och celloms\u00e4ttning, d\u00e4rf\u00f6r \u00e4r det extra viktigt att ta hand om din hud n\u00e4r du fyllt 30\u00e5r. Prolong Youth djupreng\u00f6rande ansiktsbehandling och produktsortiment \u00e4r tillverkade av ekologiska, naturliga och aktiva ingredienser.<\/p>\n<p>I denna behandling ing\u00e5r en hudanalys, reng\u00f6ring, peeling som tar bort orenheter och d\u00f6d hud, antiseptisk mask f\u00f6r att ge en helande, anti-aging och pigment reducerande effekt, behandlingen avslutas med en n\u00e4rande ansiktsmassage som tills\u00e4tter extra fukt och avslutande produkter.<\/p>\n<p>Rekommendationer av produkter f\u00f6r hemmabruk ing\u00e5r.<\/p>\n<p>Behandlingen \u00e5terfuktar huden och minskar uppkomsten av rynkor och fina linjer, hj\u00e4lper till att minska utseendet p\u00e5 uttryckslinjer och ger en j\u00e4mn, sl\u00e4t hy.<\/p>\n<p>Du f\u00e5r r\u00e5d av v\u00e5r expert om det b\u00e4sta s\u00e4ttet att ta hand om din hud.<\/p>\n<p>Att t\u00e4nka p\u00e5 innan din behandling:<\/p>\n<ul>\n<li>Upph\u00f6r anv\u00e4ndning av all slags kemisk peeling 3 dagar innan din behandling<\/li>\n<li>Avst\u00e5 fr\u00e5n att anv\u00e4nda produkter p\u00e5 din hud samma morgon<\/li>\n<li>Kom g\u00e4rna osminkad<\/li>\n<li>Du ka bli ombedd att ta ut dina kontaktlinser om du b\u00e4r s\u00e5dan<\/li>\n<\/ul>\n<p>Att t\u00e4nka p\u00e5 efter din behandling:<\/p>\n<ul>\n<li>Avst\u00e5 fr\u00e5n att tv\u00e4tta ansiktet p\u00e5 kv\u00e4llen samma dag du f\u00e5tt behandling<\/li>\n<li>Undvik g\u00e4rna smink f\u00f6rsta dagen<\/li>\n<li>Avst\u00e5 fr\u00e5n peeling i n\u00e5gra dagar efter behandlingen<\/li>\n<li>Drick mycket vatten<\/li>\n<li>Undvik solen om m\u00f6jligt och anv\u00e4nd SPF<\/li>\n<li>Anv\u00e4nd en mild ansiktsreng\u00f6ring<\/li>\n<\/ul>\n<p>Anv\u00e4nd g\u00e4rna makeup med naturliga ingrediense<\/p>\n","protected":false},"excerpt":{"rendered":"<p><strong>Prolong Youth Anti-aging Ansiktsbehandling <\/strong>N\u00e4r du blir \u00e4ldre f\u00f6rs\u00e4mras hudens l\u00e4kningsf\u00f6rm\u00e5ga och celloms\u00e4ttning, d\u00e4rf\u00f6r \u00e4r det extra viktigt att ta hand om din hud n\u00e4r du fyllt 30\u00e5r.<\/p>\n","protected":false},"featured_media":11621,"comment_status":"open","ping_status":"closed","template":"","meta":[],"product_cat":[535],"product_tag":[],"class_list":["post-11764","product","type-product","status-publish","has-post-thumbnail","hentry","product_cat-ekologiska-hudvardande-ansiktsbehandlingar"],"acf":[],"_links":{"self":[{"href":"https:\/\/simoreno.se\/sv\/wp-json\/wp\/v2\/product\/11764","targetHints":{"allow":["GET"]}}],"collection":[{"href":"https:\/\/simoreno.se\/sv\/wp-json\/wp\/v2\/product"}],"about":[{"href":"https:\/\/simoreno.se\/sv\/wp-json\/wp\/v2\/types\/product"}],"replies":[{"embeddable":true,"href":"https:\/\/simoreno.se\/sv\/wp-json\/wp\/v2\/comments?post=11764"}],"version-history":[{"count":0,"href":"https:\/\/simoreno.se\/sv\/wp-json\/wp\/v2\/product\/11764\/revisions"}],"wp:featuredmedia":[{"embeddable":true,"href":"https:\/\/simoreno.se\/sv\/wp-json\/wp\/v2\/media\/11621"}],"wp:attachment":[{"href":"https:\/\/simoreno.se\/sv\/wp-json\/wp\/v2\/media?parent=11764"}],"wp:term":[{"taxonomy":"product_cat","embeddable":true,"href":"https:\/\/simoreno.se\/sv\/wp-json\/wp\/v2\/product_cat?post=11764"},{"taxonomy":"product_tag","embeddable":true,"href":"https:\/\/simoreno.se\/sv\/wp-json\/wp\/v2\/product_tag?post=11764"}],"curies":[{"name":"wp","href":"https:\/\/api.w.org\/{rel}","templated":true}]}}