{"id":11772,"date":"2022-09-06T19:53:25","date_gmt":"2022-09-06T17:53:26","guid":{"rendered":"https:\/\/simoreno.se\/?post_type=product&#038;p=11772"},"modified":"2023-02-10T14:30:03","modified_gmt":"2023-02-10T13:30:03","slug":"depigmentering-organisk-ansiktsbehandling","status":"publish","type":"product","link":"https:\/\/simoreno.se\/sv\/product\/depigmentering-organisk-ansiktsbehandling\/","title":{"rendered":"Pigmenterings korrigering Ekologisk Ansiktsbehandling"},"content":{"rendered":"<p><strong>Pigmenterings korrigering Ekologisk Ansiktsbehandling \u00a0 \u00a0 \u00a0 \u00a0 \u00a0 \u00a0 \u00a0 \u00a0 \u00a0 \u00a0 \u00a045min\u00a0 \u00a0 \u00a0 \u00a0 \u00a0 \u00a0 \u00a0 \u00a0 \u00a0 \u00a0 \u00a0 \u00a0 \u00a0\u00a0<\/strong><\/p>\n<p>Denna behandling \u00e4r en s\u00e4ker metod med aktiva och rena v\u00e4xtbaserade ingredienser som minskar melaninbildning, \u00e5ldersfl\u00e4ckar, fr\u00e4knar och postinflammatorisk pigmentering. S\u00e4ker \u00e4ven f\u00f6r dig som \u00e4r gravid eller ammar.<\/p>\n<p>I denna behandling ing\u00e5r en hudanalys, reng\u00f6ring, en djup peeling som tar bort orenheter och d\u00f6d hud, mask med uppljusande ingredienser, avslutas med en fuktgivande massage med Jojoba, Skvalan och Hyaluronsyra och avslutande produkter.<\/p>\n<p>Att t\u00e4nka p\u00e5 innan din behandling:<\/p>\n<ul>\n<li>Upph\u00f6r anv\u00e4ndning av all slags kemisk peeling 3 dagar innan din behandling<\/li>\n<li>Avst\u00e5 fr\u00e5n att anv\u00e4nda produkter p\u00e5 din hud samma morgon<\/li>\n<li>Kom g\u00e4rna osminkad<\/li>\n<\/ul>\n<p>Att t\u00e4nka p\u00e5 efter din behandling:<\/p>\n<ul>\n<li>Avst\u00e5 fr\u00e5n att tv\u00e4tta ansiktet p\u00e5 kv\u00e4llen samma dag du f\u00e5tt behandling<\/li>\n<li>Undvik g\u00e4rna smink f\u00f6rsta dagen<\/li>\n<li>Avst\u00e5 fr\u00e5n peeling i n\u00e5gra dagar efter behandlingen<\/li>\n<li>Drick mycket vatten<\/li>\n<li>Undvik solen om m\u00f6jligt och anv\u00e4nd SPF<\/li>\n<\/ul>\n","protected":false},"excerpt":{"rendered":"<p><strong>Pigmenterings korrigering Ekologisk Ansiktsbehandling :<\/strong>Denna behandling \u00e4r en s\u00e4ker metod med aktiva och rena v\u00e4xtbaserade ingredienser som minskar melaninbildning, \u00e5ldersfl\u00e4ckar, fr\u00e4knar och postinflammatorisk pigmentering. S\u00e4ker \u00e4ven f\u00f6r dig som \u00e4r gravid eller ammar.<\/p>\n","protected":false},"featured_media":11601,"comment_status":"open","ping_status":"closed","template":"","meta":[],"product_cat":[535],"product_tag":[],"class_list":["post-11772","product","type-product","status-publish","has-post-thumbnail","hentry","product_cat-ekologiska-hudvardande-ansiktsbehandlingar"],"acf":[],"_links":{"self":[{"href":"https:\/\/simoreno.se\/sv\/wp-json\/wp\/v2\/product\/11772","targetHints":{"allow":["GET"]}}],"collection":[{"href":"https:\/\/simoreno.se\/sv\/wp-json\/wp\/v2\/product"}],"about":[{"href":"https:\/\/simoreno.se\/sv\/wp-json\/wp\/v2\/types\/product"}],"replies":[{"embeddable":true,"href":"https:\/\/simoreno.se\/sv\/wp-json\/wp\/v2\/comments?post=11772"}],"version-history":[{"count":0,"href":"https:\/\/simoreno.se\/sv\/wp-json\/wp\/v2\/product\/11772\/revisions"}],"wp:featuredmedia":[{"embeddable":true,"href":"https:\/\/simoreno.se\/sv\/wp-json\/wp\/v2\/media\/11601"}],"wp:attachment":[{"href":"https:\/\/simoreno.se\/sv\/wp-json\/wp\/v2\/media?parent=11772"}],"wp:term":[{"taxonomy":"product_cat","embeddable":true,"href":"https:\/\/simoreno.se\/sv\/wp-json\/wp\/v2\/product_cat?post=11772"},{"taxonomy":"product_tag","embeddable":true,"href":"https:\/\/simoreno.se\/sv\/wp-json\/wp\/v2\/product_tag?post=11772"}],"curies":[{"name":"wp","href":"https:\/\/api.w.org\/{rel}","templated":true}]}}