{"id":11774,"date":"2022-09-06T19:57:05","date_gmt":"2022-09-06T17:57:05","guid":{"rendered":"https:\/\/simoreno.se\/?post_type=product&#038;p=11774"},"modified":"2023-02-10T14:02:59","modified_gmt":"2023-02-10T13:02:59","slug":"anti-aging-2nd-stage-classic-facial","status":"publish","type":"product","link":"https:\/\/simoreno.se\/sv\/product\/anti-aging-2nd-stage-classic-facial\/","title":{"rendered":"Multi-Active Age Control Ansiktsbehandling"},"content":{"rendered":"<p><strong>Multi-Active Age Control Ansiktsbehandling\u00a0\u00a0\u00a0\u00a0\u00a0\u00a0\u00a0\u00a0\u00a0\u00a0\u00a0\u00a0\u00a0\u00a0\u00a0\u00a0\u00a0\u00a0\u00a0\u00a0\u00a0\u00a0\u00a0\u00a0\u00a0\u00a0\u00a0\u00a0\u00a0\u00a0\u00a0\u00a0\u00a0\u00a0\u00a0\u00a0\u00a0 45min\u00a0 \u00a0 \u00a0 \u00a0<\/strong><\/p>\n<p>En effektiv och avkopplande behandling f\u00f6r dig i 40\u00e5rs\u00e5ldern. Denna Anti-age behandling anv\u00e4nder en innovativ, multipeptid teknologisk metod f\u00f6r hudcellsf\u00f6ryngring med intensivt fuktgivande ingredienser s\u00e5som Jojobaolja, Aprikosk\u00e4rnolja, ren Skavlan och Hyaluronsyra.<\/p>\n<p>I denna behandling ing\u00e5r hudanalys, reng\u00f6ring, peeling som tar bort orenheter och d\u00f6d hud som kan leda till acne om det inte tas bort, en antiseptisk mask appliceras f\u00f6r att ge en helande, anti-age och pigment reducerande effekt, behandlingen avslutas med en n\u00e4rande ansiktslyfts massage som tills\u00e4tter extra fukt och avslutande produkter. Rekommendationer av produkter f\u00f6r hemmabruk ing\u00e5r.<\/p>\n<p>Behandlingen \u00e5terfuktar huden och minskar djupet p\u00e5 rynkor och fina linjer, hj\u00e4lper till att minska tecken p\u00e5 \u00e5ldrande, ger en j\u00e4mn, sl\u00e4t hy och h\u00e4mmar muskelsammandragningar. Hj\u00e4lper till att skapa nya hudceller(cell f\u00f6r\u00f6kning) och \u00f6kar elasticiteten.<\/p>\n<p>Att t\u00e4nka p\u00e5 innan din behandling:<\/p>\n<ul>\n<li>Upph\u00f6r anv\u00e4ndning av all slags kemisk peeling 3 dagar innan din behandling<\/li>\n<li>Avst\u00e5 fr\u00e5n att anv\u00e4nda produkter p\u00e5 din hud samma morgon<\/li>\n<li>Kom g\u00e4rna osminkad<\/li>\n<li>Du ka bli ombedd att ta ut dina kontaktlinser om du b\u00e4r s\u00e5dan<\/li>\n<\/ul>\n<p>Att t\u00e4nka p\u00e5 efter din behandling:<\/p>\n<ul>\n<li>Avst\u00e5 fr\u00e5n att tv\u00e4tta ansiktet p\u00e5 kv\u00e4llen samma dag du f\u00e5tt behandling<\/li>\n<li>Undvik g\u00e4rna smink f\u00f6rsta dagen<\/li>\n<li>Avst\u00e5 fr\u00e5n peeling i n\u00e5gra dagar efter behandlingen<\/li>\n<li>Drick mycket vatten<\/li>\n<li>Undvik solen om m\u00f6jligt och anv\u00e4nd SPF<\/li>\n<li>Anv\u00e4nd en mild ansiktsreng\u00f6ring<\/li>\n<li>Anv\u00e4nd g\u00e4rna makeup med naturliga ingredienser<\/li>\n<li>Anv\u00e4nd g\u00e4rna en Anti-age hudv\u00e5rds rutin<\/li>\n<\/ul>\n","protected":false},"excerpt":{"rendered":"<p><strong>Multi-Active Age Control Ansiktsbehandling : <\/strong>En effektiv och avkopplande behandling f\u00f6r dig i 40\u00e5rs\u00e5ldern. Denna Anti-age behandling anv\u00e4nder en innovativ, multipeptid teknologisk metod f\u00f6r hudcellsf\u00f6ryngring med intensivt fuktgivande<\/p>\n","protected":false},"featured_media":11623,"comment_status":"open","ping_status":"closed","template":"","meta":[],"product_cat":[535],"product_tag":[],"class_list":["post-11774","product","type-product","status-publish","has-post-thumbnail","hentry","product_cat-ekologiska-hudvardande-ansiktsbehandlingar"],"acf":[],"_links":{"self":[{"href":"https:\/\/simoreno.se\/sv\/wp-json\/wp\/v2\/product\/11774","targetHints":{"allow":["GET"]}}],"collection":[{"href":"https:\/\/simoreno.se\/sv\/wp-json\/wp\/v2\/product"}],"about":[{"href":"https:\/\/simoreno.se\/sv\/wp-json\/wp\/v2\/types\/product"}],"replies":[{"embeddable":true,"href":"https:\/\/simoreno.se\/sv\/wp-json\/wp\/v2\/comments?post=11774"}],"version-history":[{"count":0,"href":"https:\/\/simoreno.se\/sv\/wp-json\/wp\/v2\/product\/11774\/revisions"}],"wp:featuredmedia":[{"embeddable":true,"href":"https:\/\/simoreno.se\/sv\/wp-json\/wp\/v2\/media\/11623"}],"wp:attachment":[{"href":"https:\/\/simoreno.se\/sv\/wp-json\/wp\/v2\/media?parent=11774"}],"wp:term":[{"taxonomy":"product_cat","embeddable":true,"href":"https:\/\/simoreno.se\/sv\/wp-json\/wp\/v2\/product_cat?post=11774"},{"taxonomy":"product_tag","embeddable":true,"href":"https:\/\/simoreno.se\/sv\/wp-json\/wp\/v2\/product_tag?post=11774"}],"curies":[{"name":"wp","href":"https:\/\/api.w.org\/{rel}","templated":true}]}}