{"id":11782,"date":"2022-09-06T20:10:34","date_gmt":"2022-09-06T18:10:35","guid":{"rendered":"https:\/\/simoreno.se\/?post_type=product&#038;p=11782"},"modified":"2023-02-10T13:26:40","modified_gmt":"2023-02-10T12:26:40","slug":"anti-aging-3rd-stage-djuprengoring","status":"publish","type":"product","link":"https:\/\/simoreno.se\/sv\/product\/anti-aging-3rd-stage-djuprengoring\/","title":{"rendered":"Platinum Age Defying Djupreng\u00f6rande Ansiktsbehandling\u00a0"},"content":{"rendered":"<p><strong>Platinum Age Defying Djupreng\u00f6rande Ansiktsbehandling\u00a0\u00a0\u00a0\u00a0\u00a0\u00a0\u00a0\u00a0\u00a0\u00a0\u00a0\u00a0\u00a0\u00a0\u00a0\u00a0\u00a0\u00a0\u00a0\u00a0\u00a0\u00a0\u00a0\u00a0\u00a0\u00a0\u00a0\u00a0\u00a0\u00a0\u00a0 60min\u00a0 \u00a0 \u00a0 \u00a0 \u00a0 \u00a0 \u00a0 \u00a0 \u00a0 \u00a0 \u00a0 \u00a0 \u00a0 \u00a0 \u00a0<\/strong><\/p>\n<p>Med en exceptionell kollagenf\u00f6rst\u00e4rkande och utj\u00e4mnande effekt \u00e4r denna behandling perfekt f\u00f6r dig som \u00e4r i 50 plus \u00e5ldern. De \u00e5ldersbek\u00e4mpande egenskaperna som arbetar tillsammans i produkterna som anv\u00e4nds hj\u00e4lper till att mjuka upp utseendet p\u00e5 uttryckslinjer, skydda med hj\u00e4lp av anti oxidanter, \u00e5terfukta, ljusa upp huden, ge en lyster och ett mer ungdomligt utseende. Vi anv\u00e4nder kvalitativa, resultatinriktade produkter fr\u00e5n Si Moreno som \u00e4r naturliga, ekologiska och h\u00f6gteknologiska.<\/p>\n<p>I denna behandling ing\u00e5r hudanalys, reng\u00f6ring, en peeling och en djupreng\u00f6ring som tar bort orenheter och d\u00f6d hud som kan leda till acne och f\u00f6r tidigt \u00e5ldrande, CoQ10 n\u00e4rande toner appliceras f\u00f6r att balansera de naturliga PH-niv\u00e5erna och ge ett f\u00f6rb\u00e4ttrat mer h\u00e4lsosamt utseende, en mask appliceras f\u00f6r att f\u00f6rb\u00e4ttra elasticitet, f\u00e4rgton och textur, behandlingen avslutas med en n\u00e4rande och lyftande ansiktsmassage som tills\u00e4tter extra fukt och avslutande produkter.<\/p>\n<p>Du f\u00e5r r\u00e5d av v\u00e5r expert om det b\u00e4sta s\u00e4ttet att ta hand om din hud.<\/p>\n<p>Behandlingen \u00e5terfuktar huden och minskar djupet p\u00e5 rynkor och fina linjer, hj\u00e4lper till att minska tecken p\u00e5 \u00e5ldrande, tar bort d\u00f6da hudceller, minskar uppkomsten av rynkor och fina linjer, ger en j\u00e4mn, fastare, fylligare, sl\u00e4tare hy och h\u00e4mmar muskelsammandragningar. Hj\u00e4lper till att skapa nya hudceller (cellf\u00f6r\u00f6kning) och \u00f6kar elasticiteten. Du f\u00e5r r\u00e5d av v\u00e5r expert om det b\u00e4sta s\u00e4ttet att ta hand om din hud.<\/p>\n<p>Att t\u00e4nka p\u00e5 innan din behandling:<\/p>\n<ul>\n<li>Upph\u00f6r anv\u00e4ndning av all slags kemisk peeling 3 dagar innan din behandling<\/li>\n<li>Avst\u00e5 fr\u00e5n att anv\u00e4nda produkter p\u00e5 din hud samma morgon<\/li>\n<li>Kom g\u00e4rna osminkad<\/li>\n<li>Du ka bli ombedd att ta ut dina kontaktlinser om du b\u00e4r s\u00e5dan<\/li>\n<\/ul>\n<p>Att t\u00e4nka p\u00e5 efter din behandling:<\/p>\n<ul>\n<li>Avst\u00e5 fr\u00e5n att tv\u00e4tta ansiktet p\u00e5 kv\u00e4llen samma dag du f\u00e5tt behandling<\/li>\n<li>Undvik g\u00e4rna smink f\u00f6rsta dagen<\/li>\n<li>Avst\u00e5 fr\u00e5n peeling i n\u00e5gra dagar efter behandlingen<\/li>\n<li>Drick mycket vatten<\/li>\n<li>Undvik solen om m\u00f6jligt och anv\u00e4nd SPF<\/li>\n<li>Anv\u00e4nd en mild ansiktsreng\u00f6ring<\/li>\n<li>Anv\u00e4nd g\u00e4rna makeup med naturliga ingredienser<\/li>\n<li>Anv\u00e4nd g\u00e4rna en Anti-age hudv\u00e5rds rutin<\/li>\n<\/ul>\n","protected":false},"excerpt":{"rendered":"<p><strong>Platinum Age Defying Djupreng\u00f6rande Ansiktsbehandling: <\/strong>Med en exceptionell kollagenf\u00f6rst\u00e4rkande och utj\u00e4mnande effekt \u00e4r denna behandling perfekt f\u00f6r dig som \u00e4r i 50 plus \u00e5ldern.<\/p>\n","protected":false},"featured_media":11625,"comment_status":"open","ping_status":"closed","template":"","meta":[],"product_cat":[535],"product_tag":[],"class_list":["post-11782","product","type-product","status-publish","has-post-thumbnail","hentry","product_cat-ekologiska-hudvardande-ansiktsbehandlingar"],"acf":[],"_links":{"self":[{"href":"https:\/\/simoreno.se\/sv\/wp-json\/wp\/v2\/product\/11782","targetHints":{"allow":["GET"]}}],"collection":[{"href":"https:\/\/simoreno.se\/sv\/wp-json\/wp\/v2\/product"}],"about":[{"href":"https:\/\/simoreno.se\/sv\/wp-json\/wp\/v2\/types\/product"}],"replies":[{"embeddable":true,"href":"https:\/\/simoreno.se\/sv\/wp-json\/wp\/v2\/comments?post=11782"}],"version-history":[{"count":0,"href":"https:\/\/simoreno.se\/sv\/wp-json\/wp\/v2\/product\/11782\/revisions"}],"wp:featuredmedia":[{"embeddable":true,"href":"https:\/\/simoreno.se\/sv\/wp-json\/wp\/v2\/media\/11625"}],"wp:attachment":[{"href":"https:\/\/simoreno.se\/sv\/wp-json\/wp\/v2\/media?parent=11782"}],"wp:term":[{"taxonomy":"product_cat","embeddable":true,"href":"https:\/\/simoreno.se\/sv\/wp-json\/wp\/v2\/product_cat?post=11782"},{"taxonomy":"product_tag","embeddable":true,"href":"https:\/\/simoreno.se\/sv\/wp-json\/wp\/v2\/product_tag?post=11782"}],"curies":[{"name":"wp","href":"https:\/\/api.w.org\/{rel}","templated":true}]}}