{"id":11786,"date":"2022-09-06T20:13:16","date_gmt":"2022-09-06T18:13:16","guid":{"rendered":"https:\/\/simoreno.se\/?post_type=product&#038;p=11786"},"modified":"2023-02-10T16:25:09","modified_gmt":"2023-02-10T15:25:09","slug":"anti-aging-neck-lifting-behandling-ultrasonic","status":"publish","type":"product","link":"https:\/\/simoreno.se\/sv\/product\/anti-aging-neck-lifting-behandling-ultrasonic\/","title":{"rendered":"Halslyft med Ultraljud\u00a0\u00a0"},"content":{"rendered":"<p><strong>Halslyft med Ultraljud\u00a0\u00a0\u00a0\u00a0\u00a0\u00a0\u00a0\u00a0\u00a0\u00a0\u00a0\u00a0\u00a0\u00a0\u00a0\u00a0\u00a0 30min\u00a0 \u00a0 \u00a0 \u00a0 \u00a0 \u00a0 \u00a0 \u00a0 \u00a0<\/strong><\/p>\n<p>En icke-invasiv halslyfts behandling med omedelbart resultat, som reducerar dubbelhaka och stimulerar kollagen produktionen. En kombination av Ultraljud och Si Morenos Neck lifting kr\u00e4m, lyfter och stramar \u00e5t huden upp\u00e5t. Rekommenderas som kur var 3:e-4-e vecka.<\/p>\n<p>I denna behandling reng\u00f6rs hals omr\u00e5det, peeling anv\u00e4nds f\u00f6r att reng\u00f6ra p\u00e5 djupet och ta bort d\u00f6da hudceller, CoQ10 n\u00e4rande toner anv\u00e4nds f\u00f6r att balansera de naturliga PH-niv\u00e5erna och ge ett f\u00f6rb\u00e4ttrat h\u00e4lsosamt utseende, vi avslutar med Ultraljuds massage, som f\u00f6ryngrar och stimulerar kollagen produktionen och elastin, i kombination med Si Morenos Neck lifting kr\u00e4m.<\/p>\n<p>Att t\u00e4nka p\u00e5 innan din behandling:<\/p>\n<ul>\n<li>Upph\u00f6r anv\u00e4ndning av all slags kemisk peeling 3 dagar innan din behandling<\/li>\n<li>Avst\u00e5 fr\u00e5n att anv\u00e4nda produkter p\u00e5 din hud samma morgon<\/li>\n<li>Kom g\u00e4rna osminkad<\/li>\n<\/ul>\n<p>Att t\u00e4nka p\u00e5 efter din behandling:<\/p>\n<ul>\n<li>Avst\u00e5 fr\u00e5n att tv\u00e4tta ansiktet p\u00e5 kv\u00e4llen samma dag du f\u00e5tt behandling<\/li>\n<li>Undvik g\u00e4rna smink f\u00f6rsta dagen<\/li>\n<li>Avst\u00e5 fr\u00e5n peeling i n\u00e5gra dagar efter behandlingen<\/li>\n<li>Drick mycket vatten<\/li>\n<li>Undvik solen om m\u00f6jligt och anv\u00e4nd SPF<\/li>\n<\/ul>\n<p>Anv\u00e4nd g\u00e4rna Si Moreno Neck lifting kr\u00e4m<\/p>\n","protected":false},"excerpt":{"rendered":"<p><strong>Anti-Aging Neck Lifting Ultrasonic Treatment <\/strong>\u00e4r en icke-invasiv behandling som lyfter halsen, minskar dubbelhakan och stimulerar kollagenet.<\/p>\n","protected":false},"featured_media":12070,"comment_status":"open","ping_status":"closed","template":"","meta":[],"product_cat":[535],"product_tag":[],"class_list":["post-11786","product","type-product","status-publish","has-post-thumbnail","hentry","product_cat-ekologiska-hudvardande-ansiktsbehandlingar"],"acf":[],"_links":{"self":[{"href":"https:\/\/simoreno.se\/sv\/wp-json\/wp\/v2\/product\/11786","targetHints":{"allow":["GET"]}}],"collection":[{"href":"https:\/\/simoreno.se\/sv\/wp-json\/wp\/v2\/product"}],"about":[{"href":"https:\/\/simoreno.se\/sv\/wp-json\/wp\/v2\/types\/product"}],"replies":[{"embeddable":true,"href":"https:\/\/simoreno.se\/sv\/wp-json\/wp\/v2\/comments?post=11786"}],"version-history":[{"count":0,"href":"https:\/\/simoreno.se\/sv\/wp-json\/wp\/v2\/product\/11786\/revisions"}],"wp:featuredmedia":[{"embeddable":true,"href":"https:\/\/simoreno.se\/sv\/wp-json\/wp\/v2\/media\/12070"}],"wp:attachment":[{"href":"https:\/\/simoreno.se\/sv\/wp-json\/wp\/v2\/media?parent=11786"}],"wp:term":[{"taxonomy":"product_cat","embeddable":true,"href":"https:\/\/simoreno.se\/sv\/wp-json\/wp\/v2\/product_cat?post=11786"},{"taxonomy":"product_tag","embeddable":true,"href":"https:\/\/simoreno.se\/sv\/wp-json\/wp\/v2\/product_tag?post=11786"}],"curies":[{"name":"wp","href":"https:\/\/api.w.org\/{rel}","templated":true}]}}